{"id":10194,"date":"2024-01-09T12:04:39","date_gmt":"2024-01-09T12:04:39","guid":{"rendered":"https:\/\/platinplay.com\/?page_id=10194"},"modified":"2024-01-11T08:49:44","modified_gmt":"2024-01-11T08:49:44","slug":"appart","status":"publish","type":"page","link":"https:\/\/www.platinplay.com\/de\/appart","title":{"rendered":"Apparat Casinos\u00a0\u2013 Liste der besten Apparat Spielautomaten 2026"},"content":{"rendered":"\n<h2 id=\"beste-apparat-casinos-apparat-slots-liste\">Beste Apparat Casinos \u2013 Apparat Slots Liste<\/h2>\n\n\n\n<p>Apparat Gaming hat bislang vier Online Slots f\u00fcr <a href=\"https:\/\/www.platinplay.com\/de\/casino-test\">Online Casinos<\/a> ver\u00f6ffentlicht. Es handelt sich um die Titel Pharaoh Princess Daughter of the Nile, Total Eclipse, Fruit Storm und 40 Sevens. Die Apparat Casino Spiele sind modern und innovativ. Sie \u00fcberzeugen mit ausgefallenen Grafiken, starken Sounds und vielen Sonderfunktionen. Scatter, Wilds und Freispiele sind immer vorhanden. Die Automaten bieten au\u00dferdem klassische Spielfelder mit je f\u00fcnf Reels und drei oder vier Gewinnreihen. Der Entwickler setzt au\u00dferdem auf eine feste Anzahl von Paylines. Du kannst alle Apparat Spielautomaten kostenlos spielen.<\/p>\n\n\n\n<h3><strong>Total Eclipse<\/strong><\/h3>\n\n\n\n<p>Total Eclipse ist ein Fruchtslot in Apparat Casinos. In dem Spiel fungieren leckere Obstst\u00fccke als Gewinnsymbole. Neben einem niedlichen Thema bietet das Game allerhand Sonderfunktionen, allen voran die Free Spins und das Hold & Spin Feature.<\/p>\n\n\n\n<h3><strong>40 Sevens<\/strong><\/h3>\n\n\n\n<p>Auch in 40 Sevens sind die Fr\u00fcchte los. Diesmal in einer Piratenkulisse. Als Features erwarten Dich in diesem farbenfrohen Game ein Wild, Stacked Symbols und Free Spins. Mit etwas Gl\u00fcck kannst Du in diesem Game in Apparat Casinos das bis zu 800-fache Deines Einsatzes gewinnen.<\/p>\n\n\n\n<h3><strong>Das \u00c4gypten Spiel Pharaoh Princess Daughter of the Nile<\/strong><\/h3>\n\n\n\n<p>Pharaoh Princess Daughter of the Nile nimmt Dich mit auf eine spannende Reise zur\u00fcck ins alte \u00c4gypten. Das visuelle Design des Slots ist beeindruckend, mit einem detailreichen Hintergrund, der die ber\u00fchmten Pyramiden und den Nil darstellt. Das Spielfeld wurde vor einem kunstvollen Tempel angebracht, der mit Hieroglyphen verziert ist und so eine echte \u00e4gyptische Atmosph\u00e4re schafft. Das Game verf\u00fcgt \u00fcber ein 5&#215;3 Layout sowie 10 festen Gewinnlinien. Um das Gameplay zu verbessern, gibt es ein paar Sonderfunktionen. Die Pharao Prinzessin selbst ist das Wild Symbol und ersetzt alle anderen Symbole, um Gewinnkombinationen zu bilden. Free Spins werden durch das Auftreffen von drei oder mehr Scattern aktiviert und bieten Dir zus\u00e4tzliche Gewinnchancen. Das Bonusfeature des Spiels kann gro\u00dfe Auszahlungen erm\u00f6glichen und so f\u00fcr zus\u00e4tzliche Spannung sorgen.<\/p>\n\n\n\n<h3><strong>Das Fruchtspiel Fruit Storm<\/strong><\/h3>\n\n\n\n<figure class=\"wp-block-image size-full\"><img decoding=\"async\" loading=\"lazy\" width=\"740\" height=\"480\" src=\"https:\/\/www.platinplay.com\/app\/uploads\/2024\/01\/Fruit-Storm.jpg\" alt=\"\" class=\"wp-image-10197\"\/><\/figure>\n\n\n\n<p>Fruit Storm ist ein klassischer Fruchtslot im Stil eines Videoslots, verf\u00fcgbar in Apparat Casinos. Grafisch sieht das Game grandios aus. Gro\u00dfe saftige Obstst\u00fccke mit einer leichten Beleuchtung wurden vor einem schwarz-blauen Hintergrund angebracht. Hinsichtlich der Benutzeroberfl\u00e4che und der Steuerung ist das Game recht intuitiv und klassisch aufgebaut. Auch Neulinge d\u00fcrfte der Einstieg ins Game leicht m\u00f6glich sein. Der Videoslot hat f\u00fcnf Reels und 40 Paylines. Die Spielraten variieren zwischen 0,10 Euro und 1 Euro pro Spin. Die Sonderfunktionen sind nicht besonders vielf\u00e4ltig, Fruit Storm verf\u00fcgt &#8220;nur&#8221; \u00fcber Storm Spins und Wilds. Die Storm Spins Sonderfunktion besteht aus drei Drehungen &#8211; der Drehung, die die Sonderfunktion aktiviert hat, sowie zwei automatischen Respins.<\/p>\n\n\n\n<h2 id=\"apparat-casino-bonus\"><a>Apparat Casino<\/a> Bonus<\/h2>\n\n\n\n<h3><strong>Lapalingo<\/strong><\/h3>\n\n\n\n<figure class=\"wp-block-image size-full\"><img decoding=\"async\" loading=\"lazy\" width=\"348\" height=\"184\" src=\"https:\/\/www.platinplay.com\/app\/uploads\/2023\/10\/Lapa-Bonus.png\" alt=\"\" class=\"wp-image-9003\"\/><\/figure>\n\n\n\n<p>Bei dem Willkommensbonus von <a href=\"https:\/\/www.platinplay.com\/de\/casino-test\/lapalingo\">Lapalingo<\/a> handelt es sich um einen Bonus f\u00fcr alle Neukunden. Diese erhalten nach ihrer ersten Einzahlung von mindestens 10 Euro und h\u00f6chstens 50 Euro sowie der Eingabe des Bonuscodes &#8220;WELCOME&#8221; einen 200% bis 100\u20ac Einzahlungsbonus und 80 Freispiele f\u00fcr Book of Dead. Das Bonusguthaben ist 30 Tage lang g\u00fcltig, die Freispiele sieben Tage. In dieser Zeit muss der Wert des Bonuspakets, also Bonus und Freispiele 40 Mal im Lapalingo Online Casino umgesetzt werden. Der maximale Einsatz eines Spins mit Bonusgeld liegt bei 1 Euro.<\/p>\n\n\n\n<p>Drops and Wins ist eine Netzwerk Kampagne mit einem gro\u00dfen Preispool. Neu- und Bestandskunden k\u00f6nnen an w\u00f6chentlichen Turnieren und t\u00e4glichen Preisverlosungen teilnehmen. Pro Monat werden 2.000.000 Euro ausgespielt.<\/p>\n\n\n\n<h3><strong>Tigerspin<\/strong><\/h3>\n\n\n\n<p>Der <a href=\"https:\/\/www.platinplay.com\/de\/casino-test\/tigerspin\">Tigerspin<\/a> Willkommensbonus beinhaltet einen 100 % Einzahlungsbonus bis maximal 100 Euro sowie 50 Freispiele f\u00fcr den Slot Admiral Nelson von Amatic. Das Willkommensgeschenk muss \u00fcber das Bonussymbol angefordert werden. Im Anschluss ist der Bonuscode &#8220;WILLKOMMEN&#8221; einzugeben. Nach der ersten Einzahlung zwischen 10 Euro bis 100 Euro wird der Bonus final gutgeschrieben. Der Neukundenbonus und die Freispiele haben eine 35-fache Umsatzbedingung, die erf\u00fcllt sein muss, bevor eine Auszahlung m\u00f6glich ist. Das Bonusguthaben hat eine G\u00fcltigkeit von 30 Tagen, die Freispiele von sieben Tagen.<\/p>\n\n\n\n<h3><strong>Lord Lucky<\/strong><\/h3>\n\n\n\n<p>Der LordLucky Willkommensbonus bringt Einsteigern ein lohnenswertes Geschenk: 400% bis zu 100 Euro sowie 20 Freispiele f\u00fcr Legacy of Dead. Nach der Registrierung ist eine Einzahlung von 10 Euro n\u00f6tig, um den Bonus zu erhalten. Die Gutschrift des Bonus erfolgt automatisch, wenn der Bonuscode &#8220;WELCOME&#8221; eingegeben wurde.<\/p>\n\n\n\n<p>Sobald neue Spieler den Willkommensbonus kassiert haben, kann es auch schon losgehen. Der Bonus und die Freispiele m\u00fcssen vor der Auszahlung 50 Mal umgesetzt werden. Bei dem Bonusguthaben hast Du hierf\u00fcr 30 Tage und bei den Freispielen sieben Tage lang Zeit.<\/p>\n\n\n\n<h3><strong>BingBong<\/strong><\/h3>\n\n\n\n<p>Der Einzahlungsbonus von <a href=\"https:\/\/www.platinplay.com\/de\/casino-test\/bingbong\">BingBong<\/a> besteht aus einem 100 % Einzahlungsbonus bis zu 100 Euro und 50 Freispiele f\u00fcr Book of Ra Deluxe. Die Mindesteinzahlung betr\u00e4gt 1 Euro. Die Eingabe eines Bonuscodes ist nicht erforderlich. Das Bonusguthaben muss innerhalb von 30 Tagen 30 Mal umgesetzt werden. F\u00fcr die Erf\u00fcllung der Bonusbedingungen sind alle Online Automaten zugelassen. Die Freispiele sind sieben Tage lange g\u00fcltig und ebenfalls an die x30 Umsatzbedingung gebunden.<\/p>\n\n\n\n<h2 id=\"apparat-mobiles-spielen\">Apparat mobiles Spielen&nbsp;&nbsp;&nbsp;<\/h2>\n\n\n\n<p>Im Apparat Online Casino erwarten Dich nicht nur eine Vielzahl aufregender Apparat Slots, sondern auch die Freiheit, diese \u00fcberall und jederzeit auf Deinem mobilen Endger\u00e4t zu erleben. Apparat Gaming bietet interessante Optionen f\u00fcr das mobilen Spielen, die Dich garantiert mitrei\u00dfen werden.<\/p>\n\n\n\n<p>Das mobile Spielen bringt zahlreiche Vorteile mit sich. Mit der M\u00f6glichkeit, Online Slots von Deinem Handy oder Tablet aus zu genie\u00dfen, bist Du nicht mehr an einen bestimmten Ort gebunden. Egal, ob Du unterwegs bist oder bequem zu Hause entspannst, die Vielfalt mobiler Games steht Dir stets zur Verf\u00fcgung. Zudem bieten mobile Plattformen oft eine benutzerfreundliche Oberfl\u00e4che und eine nahtlose Spielerfahrung. So wird Dir erm\u00f6glicht, problemlos zwischen verschiedenen Spielen zu wechseln.<\/p>\n\n\n\n<h2 id=\"apparat-information\">Apparat Information&nbsp;<\/h2>\n\n\n\n<p>Apparat Gaming wurde 2020 von Alina Dand\u00f6rfer und Thomas Wendt in Berlin gegr\u00fcndet. Inzwischen hat das Unternehmen auch eine Niederlassung in Malta. Da die Firma noch relativ neu und das Team klein ist, wurden bisher erst wenige Slots ver\u00f6ffentlicht. Aktuell wird aber flei\u00dfig an neuen Titeln gearbeitet. Der Fokus liegt auf Casino Automaten mit einem \u00fcbersichtlichen Aufbau und einigen spannenden Sonderfunktionen. Scatter, Wilds und Free Spins sind immer vorhanden. Die Spiele eigenen sich auf Grund ihres simplen Aufbaus auch hervorragend f\u00fcr Einsteiger. Thematisch liegt der Fokus bisher klar auf Fruchtslots. Die niedlichen und farbenfrohen Spiele bieten Dir beste Unterhaltung und grandiose Gewinnchancen. Live Spiele von Apparat Gaming gibt es bisher nicht. Ob sich dies noch \u00e4ndern wird, bleibt abzuwarten. Apparat <a href=\"https:\/\/www.platinplay.com\/de\/spielautomaten\">Spielautomaten<\/a> kostenlos spielen geht auch jederzeit in der Demo Version. Alles in allem ist Apparat Online Casino ein junger und innovativer Provider von Casino Software mit einem guten Ruf und ganz viel Potenzial.<\/p>\n\n\n\n<h2 id=\"apparat-lizenz\">Apparat Lizenz&nbsp;&nbsp;&nbsp;&nbsp;<\/h2>\n\n\n\n<p>Der Provider Apparat Gaming verf\u00fcgt \u00fcber eine Business-to-Business Zulassung der MGA (der maltesischen Gl\u00fccksspielaufsicht). Fairness und Transparenz sind daher bei allen Spielen gew\u00e4hrleistet. Auf Grund der Lizenz kann der Entwickler seine Slots zahlreichen Online Spielhallen anbieten. Au\u00dferdem wurden alle Online Automaten vom Apparat Online Casino von der unabh\u00e4ngigen Test-Vereinigung iTech Labs \u00fcberpr\u00fcft und zertifiziert.<\/p>\n\n\n\n<h2 id=\"apparat-auszeichnungen\">Apparat Auszeichnungen<\/h2>\n\n\n\n<p>Wichtige Auszeichnungen konnte Apparat Gaming bislang nicht abr\u00e4umen. Daf\u00fcr ist das Unternehmen wohl einfach noch zu jung und das Spielportfolio zu \u00fcberschaubar. Relax Gaming hat k\u00fcrzlich einen Kooperationsvertrag mit Apparat Gaming bekanntgeben. Dieser Vertrag d\u00fcrfte beide Unternehmen weiter pushen.<\/p>\n\n\n\n<h2 id=\"andere-casino-anbieter\">Andere Casino Anbieter &nbsp;&nbsp;&nbsp;&nbsp;&nbsp;<\/h2>\n\n\n\n<p>Neben Apparat Online Casino gibt es eine Vielzahl weiterer Provider. Auch diese haben wir nat\u00fcrlich ausf\u00fchrlich getestet. Unseren Fokus haben wir dabei speziell auf die Seriosit\u00e4t, Lizenzen, die Anzahl der angebotenen Games, das Bonusangebot, den mobile Auftritt und auf die verf\u00fcgbaren Ein- und Auszahlungsmethoden gelegt. Nur wenn das Gesamtpaket stimmt und wir davon \u00fcberzeugt sind, es mit einem seri\u00f6sen Provider zu tun zu haben, gibt es von uns eine Weiterempfehlung.<\/p>\n\n\n<div class=\"row d-flex flex-wrap align-items-stretch mb-2 card-block\">\n      \n        <div id=\"bookie-table-1\" data-idx=\"1\" class=\"col-lg-4 col-md-6 col-12 card overflow-hidden\">\n            <img decoding=\"async\" loading=\"lazy\" class=\"card-img-top\" loading=\"lazy\" src=\"https:\/\/www.platinplay.com\/app\/uploads\/2023\/10\/merkur-gaming-465-x-250.jpg\" alt=\"merkur gaming 465 x 250\">\n            <div class=\"card-body fs-14 p-3 rounded-4\" style=\"background-color: #F2F2F2;\">\n                                                <div class=\"card-title d-flex align-items-end\">\n                                        <h3 class=\"mb-0\">Merkur<\/h3>\n                                    <\/div>\n                                                                <p class=\"card-text\">Merkur ist ein bekannter Anbieter von Casino Spielen und hat in diesem Bereich jahrzehntelange Erfahrung. Bei der Produktion von online Spielautomaten ist Merkur besonders f\u00fcr seine Retro Stil Slots bekannt. <\/p>\n                                                    <a class=\"h5 mb-0 p-0 mb-0 p-0\" href=\"https:\/\/www.platinplay.com\/de\/casinos\/anbieter\/merkur\" target=\"_self\">Merkur Casinos<\/a>\n                            <\/div>\n        <\/div>\n          \n        <div id=\"bookie-table-2\" data-idx=\"2\" class=\"col-lg-4 col-md-6 col-12 card overflow-hidden\">\n            <img decoding=\"async\" loading=\"lazy\" class=\"card-img-top\" loading=\"lazy\" src=\"https:\/\/www.platinplay.com\/app\/uploads\/2023\/08\/netent.jpg\" alt=\"NetEnt logo\">\n            <div class=\"card-body fs-14 p-3 rounded-4\" style=\"background-color: #F2F2F2;\">\n                                                <div class=\"card-title d-flex align-items-end\">\n                                        <h3 class=\"mb-0\">NetEnt<\/h3>\n                                    <\/div>\n                                                                <p class=\"card-text\">NetEnt wurde 1996 in Stockholm gegr\u00fcndet. Seit der Gr\u00fcndung hat das Unternehmen mehr als 300 Slot Spiele ver\u00f6ffentlicht. Der Provider bietet erstklassige Gaming-L\u00f6sungen und verkauft diese.<\/p>\n                                                    <a class=\"h5 mb-0 p-0 mb-0 p-0\" href=\"https:\/\/www.platinplay.com\/de\/casinos\/anbieter\/netent\" target=\"_self\">NetEnt Casinos<\/a>\n                            <\/div>\n        <\/div>\n          \n        <div id=\"bookie-table-3\" data-idx=\"3\" class=\"col-lg-4 col-md-6 col-12 card overflow-hidden\">\n            <img decoding=\"async\" loading=\"lazy\" class=\"card-img-top\" loading=\"lazy\" src=\"https:\/\/www.platinplay.com\/app\/uploads\/2023\/08\/playngo.png\" alt=\"Play'n GO logo\">\n            <div class=\"card-body fs-14 p-3 rounded-4\" style=\"background-color: #F2F2F2;\">\n                                                <div class=\"card-title d-flex align-items-end\">\n                                        <h3 class=\"mb-0\">Play'n GO<\/h3>\n                                    <\/div>\n                                                                <p class=\"card-text\">Play\u2019n GO ist ein renommierter Softwareanbieter f\u00fcr Online Casino Spiele, der bereits seit 2005 auf dem Markt vertreten ist. <\/p>\n                                                    <a class=\"h5 mb-0 p-0 mb-0 p-0\" href=\"https:\/\/www.platinplay.com\/de\/casinos\/anbieter\/play-n-go\" target=\"_self\">Casinos Play\u2019n GO<\/a>\n                            <\/div>\n        <\/div>\n        <\/div>\n\n\n\n<p><\/p>\n","protected":false},"excerpt":{"rendered":"<p>Beste Apparat Casinos \u2013 Apparat Slots Liste Apparat Gaming hat bislang vier Online Slots f\u00fcr Online Casinos ver\u00f6ffentlicht. Es handelt sich um die Titel Pharaoh Princess Daughter of the Nile, Total Eclipse, Fruit Storm und 40 Sevens. Die Apparat Casino Spiele sind modern und innovativ. Sie \u00fcberzeugen mit ausgefallenen Grafiken, starken Sounds und vielen Sonderfunktionen. &hellip; <a href=\"https:\/\/www.platinplay.com\/de\/appart\">Continued<\/a><\/p>\n","protected":false},"author":2,"featured_media":10201,"parent":0,"menu_order":0,"comment_status":"closed","ping_status":"closed","template":"","meta":[],"acf":[],"yoast_head":"<!-- This site is optimized with the Yoast SEO plugin v20.13 - https:\/\/yoast.com\/wordpress\/plugins\/seo\/ -->\n<title>Apparat Casinos\u00a0\u2013 Liste der besten Apparat Spielautomaten 2026 - platinplay.com<\/title>\n<meta name=\"robots\" content=\"index, follow, max-snippet:-1, max-image-preview:large, max-video-preview:-1\" \/>\n<link rel=\"canonical\" href=\"https:\/\/www.platinplay.com\/de\/appart\" \/>\n<meta property=\"og:locale\" content=\"de_DE\" \/>\n<meta property=\"og:type\" content=\"article\" \/>\n<meta property=\"og:title\" content=\"Apparat Casinos\u00a0\u2013 Liste der besten Apparat Spielautomaten [getYear] - platinplay.com\" \/>\n<meta property=\"og:description\" content=\"Beste Apparat Casinos \u2013 Apparat Slots Liste Apparat Gaming hat bislang vier Online Slots f\u00fcr Online Casinos ver\u00f6ffentlicht. Es handelt sich um die Titel Pharaoh Princess Daughter of the Nile, Total Eclipse, Fruit Storm und 40 Sevens. Die Apparat Casino Spiele sind modern und innovativ. Sie \u00fcberzeugen mit ausgefallenen Grafiken, starken Sounds und vielen Sonderfunktionen. &hellip; Continued\" \/>\n<meta property=\"og:url\" content=\"https:\/\/www.platinplay.com\/de\/appart\" \/>\n<meta property=\"og:site_name\" content=\"platinplay.com\" \/>\n<meta property=\"article:modified_time\" content=\"2024-01-11T08:49:44+00:00\" \/>\n<meta property=\"og:image\" content=\"https:\/\/www.platinplay.com\/app\/uploads\/2024\/01\/Apparat-1.png\" \/>\n\t<meta property=\"og:image:width\" content=\"250\" \/>\n\t<meta property=\"og:image:height\" content=\"250\" \/>\n\t<meta property=\"og:image:type\" content=\"image\/png\" \/>\n<meta name=\"twitter:card\" content=\"summary_large_image\" \/>\n<meta name=\"twitter:label1\" content=\"Est. reading time\" \/>\n\t<meta name=\"twitter:data1\" content=\"6 minutes\" \/>\n<script type=\"application\/ld+json\" class=\"yoast-schema-graph\">{\"@context\":\"https:\/\/schema.org\",\"@graph\":[{\"@type\":\"WebPage\",\"@id\":\"https:\/\/www.platinplay.com\/de\/appart\",\"url\":\"https:\/\/www.platinplay.com\/de\/appart\",\"name\":\"Apparat Casinos\u00a0\u2013 Liste der besten Apparat Spielautomaten [getYear] - platinplay.com\",\"isPartOf\":{\"@id\":\"https:\/\/www.platinplay.com\/#website\"},\"datePublished\":\"2024-01-09T12:04:39+00:00\",\"dateModified\":\"2024-01-11T08:49:44+00:00\",\"breadcrumb\":{\"@id\":\"https:\/\/www.platinplay.com\/de\/appart#breadcrumb\"},\"inLanguage\":\"de-DE\",\"potentialAction\":[{\"@type\":\"ReadAction\",\"target\":[\"https:\/\/www.platinplay.com\/de\/appart\"]}]},{\"@type\":\"BreadcrumbList\",\"@id\":\"https:\/\/www.platinplay.com\/de\/appart#breadcrumb\",\"itemListElement\":[{\"@type\":\"ListItem\",\"position\":1,\"name\":\"Home\",\"item\":\"https:\/\/www.platinplay.com\/de\/beste-gluecksspielseiten-und-casinos-deutschlands-getyear\"},{\"@type\":\"ListItem\",\"position\":2,\"name\":\"Apparat Casinos\u00a0\u2013 Liste der besten Apparat Spielautomaten 2024\"}]},{\"@type\":\"WebSite\",\"@id\":\"https:\/\/www.platinplay.com\/#website\",\"url\":\"https:\/\/www.platinplay.com\/\",\"name\":\"platinplay.com\",\"description\":\"Affiliate marketing\",\"potentialAction\":[{\"@type\":\"SearchAction\",\"target\":{\"@type\":\"EntryPoint\",\"urlTemplate\":\"https:\/\/www.platinplay.com\/?s={search_term_string}\"},\"query-input\":\"required name=search_term_string\"}],\"inLanguage\":\"de-DE\"}]}<\/script>\n<!-- \/ Yoast SEO plugin. -->","yoast_head_json":{"title":"Apparat Casinos\u00a0\u2013 Liste der besten Apparat Spielautomaten 2026 - platinplay.com","robots":{"index":"index","follow":"follow","max-snippet":"max-snippet:-1","max-image-preview":"max-image-preview:large","max-video-preview":"max-video-preview:-1"},"canonical":"https:\/\/www.platinplay.com\/de\/appart","og_locale":"de_DE","og_type":"article","og_title":"Apparat Casinos\u00a0\u2013 Liste der besten Apparat Spielautomaten [getYear] - platinplay.com","og_description":"Beste Apparat Casinos \u2013 Apparat Slots Liste Apparat Gaming hat bislang vier Online Slots f\u00fcr Online Casinos ver\u00f6ffentlicht. Es handelt sich um die Titel Pharaoh Princess Daughter of the Nile, Total Eclipse, Fruit Storm und 40 Sevens. Die Apparat Casino Spiele sind modern und innovativ. Sie \u00fcberzeugen mit ausgefallenen Grafiken, starken Sounds und vielen Sonderfunktionen. &hellip; Continued","og_url":"https:\/\/www.platinplay.com\/de\/appart","og_site_name":"platinplay.com","article_modified_time":"2024-01-11T08:49:44+00:00","og_image":[{"width":250,"height":250,"url":"https:\/\/www.platinplay.com\/app\/uploads\/2024\/01\/Apparat-1.png","type":"image\/png"}],"twitter_card":"summary_large_image","twitter_misc":{"Est. reading time":"6 minutes"},"schema":{"@context":"https:\/\/schema.org","@graph":[{"@type":"WebPage","@id":"https:\/\/www.platinplay.com\/de\/appart","url":"https:\/\/www.platinplay.com\/de\/appart","name":"Apparat Casinos\u00a0\u2013 Liste der besten Apparat Spielautomaten [getYear] - platinplay.com","isPartOf":{"@id":"https:\/\/www.platinplay.com\/#website"},"datePublished":"2024-01-09T12:04:39+00:00","dateModified":"2024-01-11T08:49:44+00:00","breadcrumb":{"@id":"https:\/\/www.platinplay.com\/de\/appart#breadcrumb"},"inLanguage":"de-DE","potentialAction":[{"@type":"ReadAction","target":["https:\/\/www.platinplay.com\/de\/appart"]}]},{"@type":"BreadcrumbList","@id":"https:\/\/www.platinplay.com\/de\/appart#breadcrumb","itemListElement":[{"@type":"ListItem","position":1,"name":"Home","item":"https:\/\/www.platinplay.com\/de\/beste-gluecksspielseiten-und-casinos-deutschlands-getyear"},{"@type":"ListItem","position":2,"name":"Apparat Casinos\u00a0\u2013 Liste der besten Apparat Spielautomaten 2024"}]},{"@type":"WebSite","@id":"https:\/\/www.platinplay.com\/#website","url":"https:\/\/www.platinplay.com\/","name":"platinplay.com","description":"Affiliate marketing","potentialAction":[{"@type":"SearchAction","target":{"@type":"EntryPoint","urlTemplate":"https:\/\/www.platinplay.com\/?s={search_term_string}"},"query-input":"required name=search_term_string"}],"inLanguage":"de-DE"}]}},"_links":{"self":[{"href":"https:\/\/www.platinplay.com\/de\/wp-json\/wp\/v2\/pages\/10194"}],"collection":[{"href":"https:\/\/www.platinplay.com\/de\/wp-json\/wp\/v2\/pages"}],"about":[{"href":"https:\/\/www.platinplay.com\/de\/wp-json\/wp\/v2\/types\/page"}],"author":[{"embeddable":true,"href":"https:\/\/www.platinplay.com\/de\/wp-json\/wp\/v2\/users\/2"}],"replies":[{"embeddable":true,"href":"https:\/\/www.platinplay.com\/de\/wp-json\/wp\/v2\/comments?post=10194"}],"version-history":[{"count":4,"href":"https:\/\/www.platinplay.com\/de\/wp-json\/wp\/v2\/pages\/10194\/revisions"}],"predecessor-version":[{"id":10268,"href":"https:\/\/www.platinplay.com\/de\/wp-json\/wp\/v2\/pages\/10194\/revisions\/10268"}],"wp:featuredmedia":[{"embeddable":true,"href":"https:\/\/www.platinplay.com\/de\/wp-json\/wp\/v2\/media\/10201"}],"wp:attachment":[{"href":"https:\/\/www.platinplay.com\/de\/wp-json\/wp\/v2\/media?parent=10194"}],"curies":[{"name":"wp","href":"https:\/\/api.w.org\/{rel}","templated":true}]}}