{"id":10211,"date":"2024-01-09T13:58:39","date_gmt":"2024-01-09T13:58:39","guid":{"rendered":"https:\/\/platinplay.com\/?page_id=10211"},"modified":"2024-01-11T09:09:36","modified_gmt":"2024-01-11T09:09:36","slug":"casinos-swintt-liste-der-besten-swintt-spielautomaten-getyear","status":"publish","type":"page","link":"https:\/\/www.platinplay.com\/de\/casinos-swintt-liste-der-besten-swintt-spielautomaten-getyear","title":{"rendered":"Casinos Swintt \u2013 Liste der besten Swintt Spielautomaten 2026\u00a0"},"content":{"rendered":"\n<h2 id=\"beste-swintt-casino-swintt-slots-liste\">Beste <a>Swintt Casino<\/a> \u2013 Swintt Slots Liste<\/h2>\n\n\n\n<p>Seit der Unternehmensgr\u00fcndung im Jahr 2019 hat Swintt Casino in kurzer Zeit ein beeindruckendes Spielportfolio aufgebaut, welches mehr als 120 Titel umfasst. Die Qualit\u00e4t Swintt Casino Spiele ist grunds\u00e4tzlich sehr hoch. Die Themen sind facettenreich, die Grafiken ansprechend und das Gameplay ist fl\u00fcssig. Alle Automaten verf\u00fcgen \u00fcber eine einfache und logische Struktur und ein simples Spielprinzip. Die Games sind daher perfekt f\u00fcr Einsteiger geeignet.<\/p>\n\n\n\n<h3>Jelly Mania XtraStreak<\/h3>\n\n\n\n<p>In diesem futuristischen Weltraum-Spektakel erwartet Dich ein witziges Comic-Design, das an den Look von Gigantoonz erinnert. In Jelly Mania XtraStreak gibt es nur ein Symbol, welches erscheinen kann und ein Meter auf der linken Seite auff\u00fcllt. Das Meter kann bis zu x100 aufsteigen. Neben dem dynamischen Meter hat das Game viele weitere Highlights zu bieten. Wilds, Scatter, Multiplikatoren und Freispiele bringen Spannung ins Spiel und erh\u00f6hen Deine Gewinnchancen in Swintt Casinos.<\/p>\n\n\n\n<h3>Orient Train<\/h3>\n\n\n\n<p>Der Orient Train Automat ist ein beeindruckendes Spiel in Swintt Casinos, welches von Reisen in den luxuri\u00f6sen Orient-Express-Z\u00fcgen inspiriert wurde. Das Design des Spiels erinnert an ein Kunstwerk. Die Gewinnbilder Glas, Geldschein, Kartenspiel, der Reisende und auch die Spielkarten wurden edel detailreich in Szene gesetzt. Zu den Sonderfunktionen geh\u00f6ren ein Wild, ein Scatter und Free Spins.<\/p>\n\n\n\n<h3>Swintt Fr\u00fcchteslots<\/h3>\n\n\n\n<p>Ein Swintt <a href=\"https:\/\/www.platinplay.com\/de\/spielautomaten\">Casino Slot<\/a> mit Fruchtthema besticht durch seine farbenfrohe Gestaltung mit Symbolen wie Kirschen, Zitronen, Wassermelonen und weiteren Fr\u00fcchten. Die Gewinnbilder verspr\u00fchen nostalgischen Charme und sind oft mit traditionellen Gl\u00fccksspiel Elementen wie Glocken oder Siebenen kombiniert. Fruchtbares bieten einfache, aber unterhaltsame Mechaniken, h\u00e4ufig mit wenigen Bonusfunktionen. Die fruchtige Atmosph\u00e4re und das einfache Gameplay machen diese Automaten f\u00fcr viele Spieler attraktiv. Zu den erfolgreichsten Swintt Casino Fruchtslots geh\u00f6ren 7 Fresh Fruits, Del Fruit und Winnergie.<\/p>\n\n\n\n<h3>Swintt Book Slots<\/h3>\n\n\n\n<p>Ein Slot Titel im Stil von &#8220;Book of&#8221; ist f\u00fcr sein Abenteuerthema und sein markantes Spielkonzept bekannt. Inspiriert von arch\u00e4ologischen Expeditionen, pr\u00e4sentiert der Automat eine fesselnde Story mit antiken Relikten, Pharaonen und jeder Menge Geheimnisse. Das beeindruckende &#8220;Book of&#8221;-Feature bietet Free Spins mit expandierenden Symbolen, die gro\u00dfe Gewinnm\u00f6glichkeiten bieten. Die Grafiken und Soundeffekte fangen die Mystik vergangener Zivilisationen ein. Spieler k\u00f6nnen die Spannung des Unbekannten und die Chance auf hohe Gewinne genie\u00dfen. Die erfolgreichsten &#8220;Book of&#8221;-Titel von Swintt sind Book of Shai, Book of the East und Book of Dino Unlimited.<\/p>\n\n\n\n<h2 id=\"swintt-casino-bonus\">Swintt Casino Bonus&nbsp;<\/h2>\n\n\n\n<h3><strong>1. Spinz<\/strong><\/h3>\n\n\n\n<p>Der Willkommensbonus<\/p>\n\n\n\n<p>Wer 10 Euro einzahlt, startet mit 400% bis zu 40\u20ac Bonus, also insgesamt 50 Euro Bonusguthaben und zus\u00e4tzlich 50 Free Spins. Ein Spinz Bonuscode muss nicht eingegeben werden. Nach der Einzahlung von mindestens 10 Euro wird der Willkommensbonus automatisch aktiviert. \u00dcber die n\u00e4chsten f\u00fcnf Tage erhalten Spieler jeweils zehn kostenlose Spielrunden. Diese m\u00fcssen aktiv im Kundenkonto unter dem Reiter &#8220;Meine Boni&#8221; angefordert werden. Die Freispiele sind jeweils 24 Stunden g\u00fcltig und haben einen Wert von mindestens 0,10 Euro. Das Bonusguthaben muss innerhalb von 60 Tagen ab Erhalt 35 Mal in Slots umgesetzt werden. Nicht alle Automaten sind f\u00fcr die Erf\u00fcllung der Bonusbedingungen zugelassen. Genauere Informationen hierzu k\u00f6nnen den Teilnahmebedingungen entnommen werden.<\/p>\n\n\n\n<h3><strong>2. Wildz<\/strong><\/h3>\n\n\n\n<figure class=\"wp-block-image size-full\"><img decoding=\"async\" loading=\"lazy\" width=\"1182\" height=\"688\" src=\"https:\/\/www.platinplay.com\/app\/uploads\/2023\/09\/Casino-Wildz-Bonus.jpg\" alt=\"Banner mit Bonus Information von Casino Wildz\" class=\"wp-image-5399\"\/><\/figure>\n\n\n\n<p>Ein tolles Geschenk f\u00fcr alle Neukunden<\/p>\n\n\n\n<p>Beim Wildz Casino hast Du als Neukunde zurzeit die Chance, Dir einen tollen 100% Ersteinzahlungsbonus bis zu 100 Euro plus 200 Freispiele zu sichern. Um den Bonus zu aktivieren, ist eine Einzahlung von mindestens 10 Euro n\u00f6tig. Die Eingabe eines Bonuscodes ist nicht erforderlich. Die Freispiele werden gestaffelt \u00fcber acht Tage gutgeschrieben. Die Free Spins sind ab Erhalt immer 24 Stunden lang g\u00fcltig, das Bonusguthaben 60 Tage lang. Um den Bonus samt Gewinnen zur Auszahlung zu bringen, muss der Wert des Bonus vorab in Casino Slots 35 Mal umgesetzt werden.<\/p>\n\n\n\n<h3><strong>3. Tigerspin<\/strong><\/h3>\n\n\n\n<p>Ein hinrei\u00dfender Einstieg f\u00fcr alle Neukunden<\/p>\n\n\n\n<p>Bei Tigerspin d\u00fcrfen sich alle Neukunden derzeit \u00fcber einen grandiosen Willkommensbonus freuen. Dieser beinhaltet einen 100% Einzahlungsbonus bis zu einer maximalen H\u00f6he von 100 Euro sowie 50 Free Spins f\u00fcr den aufregenden Slot Admiral Nelson von Amatic. Der Neukundenbonus muss aktiv \u00fcber das Bonussymbol angefordert werden. Im Anschluss werden neue Spieler auf die Einzahlungsseite weitergeleitet. Dort wird der Bonuscode &#8220;WILLKOMMEN&#8221; automatisch hinterlegt. Damit der Neukundenbonus genutzt werden kann, muss eine Einzahlung von mindestens 10 Euro auf das Kundenkonto get\u00e4tigt werden. Ab Erhalt sind die Freispiele sieben Tage lang g\u00fcltig. Das Bonusguthaben hat eine G\u00fcltigkeit von 30 Tagen. Innerhalb dieser Zeit muss der Wert des Guthabens 35 Mal in Slots umgesetzt werden.<\/p>\n\n\n\n<h2 id=\"swintt-mobiles-spielen\">Swintt mobiles Spielen&nbsp;&nbsp;&nbsp;<\/h2>\n\n\n\n<p>Alle virtuellen Games von Swintt Online Casinos sind <a href=\"https:\/\/www.platinplay.com\/de\/casinos\/mobil\">mobil<\/a> zug\u00e4nglich, was bedeutet, dass Spieler ihre Lieblingsspiele jederzeit und \u00fcberall genie\u00dfen k\u00f6nnen.<\/p>\n\n\n\n<p>Mobiles Spielen bietet eine einzigartige Flexibilit\u00e4t, da es den Zugang von Smartphones und Tablets erm\u00f6glicht. Die damit verbundene Flexibilit\u00e4t erm\u00f6glicht es Spielern, ihre Erfahrungen nahtlos zu gestalten und unbeschwerte Minuten oder Stunden in Bus und Bahn, im Wartezimmer oder in einer Warteschlange zu genie\u00dfen. Dar\u00fcber hinaus bietet die Nutzung von mobilen Ger\u00e4ten in Swintt Casinos ein interaktives Erlebnis durch Touchscreen-Steuerung und optimierte Benutzeroberfl\u00e4chen. Dies verbessert die Spielerfahrung ungemein. Die Verf\u00fcgbarkeit von Spielen auf mobilen Devices bietet insgesamt eine bequeme, zug\u00e4ngliche und vielseitige Option f\u00fcr Gl\u00fccksspielbegeisterte. Nat\u00fcrlich sind auch die Demo Versionen (Swintt Spielautomaten kostenlos) mobil verf\u00fcgbar.<\/p>\n\n\n\n<h2 id=\"swintt-information\">Swintt Information&nbsp;<\/h2>\n\n\n\n<p>Swintt Online Casino ist ein innovativer Hersteller von Software-L\u00f6sungen aus dem iGaming Segment. Das aufstrebende Unternehmen wurde im April 2019 in Malta gegr\u00fcndet. Swintt hat seit der Gr\u00fcndung ein beeindruckendes Portfolio von mehr als 120 Games aufgebaut. Die Qualit\u00e4t der Spiele ist sehr hoch. Da die Themen breit gef\u00e4chert sind, ist f\u00fcr jeden Geschmack das richtige Spiel dabei. Alle Spiele sind auch in der Version Swintt Spielautomaten kostenlos testen verf\u00fcgbar.<\/p>\n\n\n\n<p>Die Games von Swintt lassen sich in zwei Kategorien unterteilen: Es gibt Standard- und Premium-Spiele. Die Standard-Spiele von Swintt verf\u00fcgen \u00fcber ein 5\u00d73 Layout, f\u00fcnf oder zehn festen Gewinnlinien und einer insgesamt einfachen Struktur. Die Premium-Reihe umfasst eine gr\u00f6\u00dfere Anzahl an Walzenstrukturen mit anspruchsvolleren Features und Bonusspielen. Der Fokus bei Swintt liegt klar auf Slots. Einen Swintt Casino Live-Bereich gibt es zwar, dieser steckt aber noch in den Kinderschuhen.<\/p>\n\n\n\n<h2 id=\"swintt-lizenz\">Swintt Lizenz&nbsp;&nbsp;&nbsp;&nbsp;<\/h2>\n\n\n\n<p>Swintt ist \u00fcber die MGA (Malta Gambling Authority) und die UK Gambling Commission lizenziert. Bei diesen beiden Zulassungsstellen handelt es sich um \u00e4u\u00dferst einflussreiche Regulierungsbeh\u00f6rden mit einem hervorragenden Ruf. Die Lizenzen gew\u00e4hrleisten, dass Spielern faire, transparente und sichere Games unter strikter Einhaltung der iGaming-Vorschriften zur Verf\u00fcgung stehen.<\/p>\n\n\n\n<h2 id=\"swintt-auszeichnungen\">Swintt Auszeichnungen<\/h2>\n\n\n\n<p>Im Herbst 2019 gewann das Swintt Online Casino seine erste und bis dato wichtigste Auszeichnung: Im Rahmen des Starlet Awards wurde der Provider auf der von 5star.media organisierten Preisverleihung zum &#8220;Startup des Jahres&#8221; gek\u00fcrt.<\/p>\n\n\n\n<p>Ein weiterer gro\u00dfer Erfolg f\u00fcr den Entwickler war die Unterzeichnung einer Kooperationsvereinbarung mit der Gaming Innovation Groups, die mehrere Casino Marken besitzt.<\/p>\n\n\n\n<h2 id=\"andere-casino-anbieter\">Andere Casino Anbieter&nbsp;&nbsp;&nbsp;&nbsp;&nbsp;<\/h2>\n\n\n\n<p><a>Wir bewerten regelm\u00e4\u00dfig <\/a><a href=\"https:\/\/www.platinplay.com\/de\/casinos\/anbieter\">Slot Provider<\/a>. Neben Swintt gibt es aktuell eine Vielzahl weiterer Anbieter von iGaming L\u00f6sungen f\u00fcr den Casino Bereich. In unseren Tests achten wir besonders darauf, es mit seri\u00f6sen Anbietern zu tun zu haben. Wir legen gro\u00dfen Wert darauf, dass zuverl\u00e4ssige Lizenzen vorliegen, dass die Spielauswahl gro\u00df und facettenreich ist und dass auch das mobile Angebot \u00fcberzeugt. Die Spiele m\u00fcssen fair und transparent sein. Nur wenn alle Teilnehmer die gleichen Chancen auf Gewinne haben, empfehlen wir das Angebot weiter.<\/p>\n\n\n<div class=\"row d-flex flex-wrap align-items-stretch mb-2 card-block\">\n      \n        <div id=\"bookie-table-1\" data-idx=\"1\" class=\"col-lg-4 col-md-6 col-12 card overflow-hidden\">\n            <img decoding=\"async\" loading=\"lazy\" class=\"card-img-top\" loading=\"lazy\" src=\"https:\/\/www.platinplay.com\/app\/uploads\/2023\/10\/playn-go-logo.jpg\" alt=\"play'n go logo\">\n            <div class=\"card-body fs-14 p-3 rounded-4\" style=\"background-color: #F2F2F2;\">\n                                                <div class=\"card-title d-flex align-items-end\">\n                                        <h3 class=\"mb-0\">Play'n GO<\/h3>\n                                    <\/div>\n                                                                <p class=\"card-text\">Play\u2019n GO ist ein renommierter Softwareanbieter f\u00fcr Online Casino Spiele, der bereits seit 2005 auf dem Markt vertreten ist. <\/p>\n                                                    <a class=\"h5 mb-0 p-0 mb-0 p-0\" href=\"https:\/\/www.platinplay.com\/de\/casinos\/anbieter\/play-n-go\" target=\"_self\">Casinos Play\u2019n GO<\/a>\n                            <\/div>\n        <\/div>\n          \n        <div id=\"bookie-table-2\" data-idx=\"2\" class=\"col-lg-4 col-md-6 col-12 card overflow-hidden\">\n            <img decoding=\"async\" loading=\"lazy\" class=\"card-img-top\" loading=\"lazy\" src=\"https:\/\/www.platinplay.com\/app\/uploads\/2023\/10\/Greentube-Square-Logo.jpg\" alt=\"Greentube Logo\">\n            <div class=\"card-body fs-14 p-3 rounded-4\" style=\"background-color: #F2F2F2;\">\n                                                <div class=\"card-title d-flex align-items-end\">\n                                        <h3 class=\"mb-0\">Greentube<\/h3>\n                                    <\/div>\n                                                                <p class=\"card-text\">Greentube hat bisher 306 Slot Spiele ver\u00f6ffentlicht. Das Unternehmen ist bekannt daf\u00fcr, hochwertige Greentube Slots zu entwickeln und darf sich zurecht \u00d6sterreichs f\u00fchrender Provider nennen. <\/p>\n                                                    <a class=\"h5 mb-0 p-0 mb-0 p-0\" href=\"https:\/\/www.platinplay.com\/de\/casinos\/anbieter\/greentube\" target=\"_self\">Greentube Casinos<\/a>\n                            <\/div>\n        <\/div>\n          \n        <div id=\"bookie-table-3\" data-idx=\"3\" class=\"col-lg-4 col-md-6 col-12 card overflow-hidden\">\n            <img decoding=\"async\" loading=\"lazy\" class=\"card-img-top\" loading=\"lazy\" src=\"https:\/\/www.platinplay.com\/app\/uploads\/2023\/08\/netent.jpg\" alt=\"NetEnt logo\">\n            <div class=\"card-body fs-14 p-3 rounded-4\" style=\"background-color: #F2F2F2;\">\n                                                <div class=\"card-title d-flex align-items-end\">\n                                        <h3 class=\"mb-0\">NetEnt<\/h3>\n                                    <\/div>\n                                                                <p class=\"card-text\">NetEnt wurde 1996 in Stockholm gegr\u00fcndet. Seit der Gr\u00fcndung hat das Unternehmen mehr als 300 Slot Spiele ver\u00f6ffentlicht. Der Provider bietet erstklassige Gaming-L\u00f6sungen und verkauft diese.<\/p>\n                                                    <a class=\"h5 mb-0 p-0 mb-0 p-0\" href=\"https:\/\/www.platinplay.com\/de\/casinos\/anbieter\/netent\" target=\"_self\">NetEnt Casinos<\/a>\n                            <\/div>\n        <\/div>\n        <\/div>\n","protected":false},"excerpt":{"rendered":"<p>Beste Swintt Casino \u2013 Swintt Slots Liste Seit der Unternehmensgr\u00fcndung im Jahr 2019 hat Swintt Casino in kurzer Zeit ein beeindruckendes Spielportfolio aufgebaut, welches mehr als 120 Titel umfasst. Die Qualit\u00e4t Swintt Casino Spiele ist grunds\u00e4tzlich sehr hoch. Die Themen sind facettenreich, die Grafiken ansprechend und das Gameplay ist fl\u00fcssig. Alle Automaten verf\u00fcgen \u00fcber eine &hellip; <a href=\"https:\/\/www.platinplay.com\/de\/casinos-swintt-liste-der-besten-swintt-spielautomaten-getyear\">Continued<\/a><\/p>\n","protected":false},"author":2,"featured_media":10212,"parent":0,"menu_order":0,"comment_status":"closed","ping_status":"closed","template":"","meta":[],"acf":[],"yoast_head":"<!-- This site is optimized with the Yoast SEO plugin v20.13 - https:\/\/yoast.com\/wordpress\/plugins\/seo\/ -->\n<title>Casinos Swintt \u2013 Liste der besten Swintt Spielautomaten 2026\u00a0 - platinplay.com<\/title>\n<meta name=\"description\" content=\"Top online Casinos mit Swintt Slots \ud83c\udfb0 Top beliebte Swintt Spiele \ud83c\udf81 Casino Bonus f\u00fcr Swintt Spielautomaten\" \/>\n<meta name=\"robots\" content=\"index, follow, max-snippet:-1, max-image-preview:large, max-video-preview:-1\" \/>\n<link rel=\"canonical\" href=\"https:\/\/www.platinplay.com\/de\/casinos-swintt-liste-der-besten-swintt-spielautomaten-getyear\" \/>\n<meta property=\"og:locale\" content=\"de_DE\" \/>\n<meta property=\"og:type\" content=\"article\" \/>\n<meta property=\"og:title\" content=\"Casinos Swintt \u2013 Liste der besten Swintt Spielautomaten [getYear]\u00a0 - platinplay.com\" \/>\n<meta property=\"og:description\" content=\"Top online Casinos mit Swintt Slots \ud83c\udfb0 Top beliebte Swintt Spiele \ud83c\udf81 Casino Bonus f\u00fcr Swintt Spielautomaten\" \/>\n<meta property=\"og:url\" content=\"https:\/\/www.platinplay.com\/de\/casinos-swintt-liste-der-besten-swintt-spielautomaten-getyear\" \/>\n<meta property=\"og:site_name\" content=\"platinplay.com\" \/>\n<meta property=\"article:modified_time\" content=\"2024-01-11T09:09:36+00:00\" \/>\n<meta property=\"og:image\" content=\"https:\/\/www.platinplay.com\/app\/uploads\/2024\/01\/Swintt.png\" \/>\n\t<meta property=\"og:image:width\" content=\"358\" \/>\n\t<meta property=\"og:image:height\" content=\"141\" \/>\n\t<meta property=\"og:image:type\" content=\"image\/png\" \/>\n<meta name=\"twitter:card\" content=\"summary_large_image\" \/>\n<meta name=\"twitter:label1\" content=\"Est. reading time\" \/>\n\t<meta name=\"twitter:data1\" content=\"6 minutes\" \/>\n<script type=\"application\/ld+json\" class=\"yoast-schema-graph\">{\"@context\":\"https:\/\/schema.org\",\"@graph\":[{\"@type\":\"WebPage\",\"@id\":\"https:\/\/www.platinplay.com\/de\/casinos-swintt-liste-der-besten-swintt-spielautomaten-getyear\",\"url\":\"https:\/\/www.platinplay.com\/de\/casinos-swintt-liste-der-besten-swintt-spielautomaten-getyear\",\"name\":\"Casinos Swintt \u2013 Liste der besten Swintt Spielautomaten [getYear]\u00a0 - platinplay.com\",\"isPartOf\":{\"@id\":\"https:\/\/www.platinplay.com\/#website\"},\"datePublished\":\"2024-01-09T13:58:39+00:00\",\"dateModified\":\"2024-01-11T09:09:36+00:00\",\"description\":\"Top online Casinos mit Swintt Slots \ud83c\udfb0 Top beliebte Swintt Spiele \ud83c\udf81 Casino Bonus f\u00fcr Swintt Spielautomaten\",\"breadcrumb\":{\"@id\":\"https:\/\/www.platinplay.com\/de\/casinos-swintt-liste-der-besten-swintt-spielautomaten-getyear#breadcrumb\"},\"inLanguage\":\"de-DE\",\"potentialAction\":[{\"@type\":\"ReadAction\",\"target\":[\"https:\/\/www.platinplay.com\/de\/casinos-swintt-liste-der-besten-swintt-spielautomaten-getyear\"]}]},{\"@type\":\"BreadcrumbList\",\"@id\":\"https:\/\/www.platinplay.com\/de\/casinos-swintt-liste-der-besten-swintt-spielautomaten-getyear#breadcrumb\",\"itemListElement\":[{\"@type\":\"ListItem\",\"position\":1,\"name\":\"Home\",\"item\":\"https:\/\/www.platinplay.com\/de\/beste-gluecksspielseiten-und-casinos-deutschlands-getyear\"},{\"@type\":\"ListItem\",\"position\":2,\"name\":\"Casinos Swintt \u2013 Liste der besten Swintt Spielautomaten 2024\u00a0\"}]},{\"@type\":\"WebSite\",\"@id\":\"https:\/\/www.platinplay.com\/#website\",\"url\":\"https:\/\/www.platinplay.com\/\",\"name\":\"platinplay.com\",\"description\":\"Affiliate marketing\",\"potentialAction\":[{\"@type\":\"SearchAction\",\"target\":{\"@type\":\"EntryPoint\",\"urlTemplate\":\"https:\/\/www.platinplay.com\/?s={search_term_string}\"},\"query-input\":\"required name=search_term_string\"}],\"inLanguage\":\"de-DE\"}]}<\/script>\n<!-- \/ Yoast SEO plugin. -->","yoast_head_json":{"title":"Casinos Swintt \u2013 Liste der besten Swintt Spielautomaten 2026\u00a0 - platinplay.com","description":"Top online Casinos mit Swintt Slots \ud83c\udfb0 Top beliebte Swintt Spiele \ud83c\udf81 Casino Bonus f\u00fcr Swintt Spielautomaten","robots":{"index":"index","follow":"follow","max-snippet":"max-snippet:-1","max-image-preview":"max-image-preview:large","max-video-preview":"max-video-preview:-1"},"canonical":"https:\/\/www.platinplay.com\/de\/casinos-swintt-liste-der-besten-swintt-spielautomaten-getyear","og_locale":"de_DE","og_type":"article","og_title":"Casinos Swintt \u2013 Liste der besten Swintt Spielautomaten [getYear]\u00a0 - platinplay.com","og_description":"Top online Casinos mit Swintt Slots \ud83c\udfb0 Top beliebte Swintt Spiele \ud83c\udf81 Casino Bonus f\u00fcr Swintt Spielautomaten","og_url":"https:\/\/www.platinplay.com\/de\/casinos-swintt-liste-der-besten-swintt-spielautomaten-getyear","og_site_name":"platinplay.com","article_modified_time":"2024-01-11T09:09:36+00:00","og_image":[{"width":358,"height":141,"url":"https:\/\/www.platinplay.com\/app\/uploads\/2024\/01\/Swintt.png","type":"image\/png"}],"twitter_card":"summary_large_image","twitter_misc":{"Est. reading time":"6 minutes"},"schema":{"@context":"https:\/\/schema.org","@graph":[{"@type":"WebPage","@id":"https:\/\/www.platinplay.com\/de\/casinos-swintt-liste-der-besten-swintt-spielautomaten-getyear","url":"https:\/\/www.platinplay.com\/de\/casinos-swintt-liste-der-besten-swintt-spielautomaten-getyear","name":"Casinos Swintt \u2013 Liste der besten Swintt Spielautomaten [getYear]\u00a0 - platinplay.com","isPartOf":{"@id":"https:\/\/www.platinplay.com\/#website"},"datePublished":"2024-01-09T13:58:39+00:00","dateModified":"2024-01-11T09:09:36+00:00","description":"Top online Casinos mit Swintt Slots \ud83c\udfb0 Top beliebte Swintt Spiele \ud83c\udf81 Casino Bonus f\u00fcr Swintt Spielautomaten","breadcrumb":{"@id":"https:\/\/www.platinplay.com\/de\/casinos-swintt-liste-der-besten-swintt-spielautomaten-getyear#breadcrumb"},"inLanguage":"de-DE","potentialAction":[{"@type":"ReadAction","target":["https:\/\/www.platinplay.com\/de\/casinos-swintt-liste-der-besten-swintt-spielautomaten-getyear"]}]},{"@type":"BreadcrumbList","@id":"https:\/\/www.platinplay.com\/de\/casinos-swintt-liste-der-besten-swintt-spielautomaten-getyear#breadcrumb","itemListElement":[{"@type":"ListItem","position":1,"name":"Home","item":"https:\/\/www.platinplay.com\/de\/beste-gluecksspielseiten-und-casinos-deutschlands-getyear"},{"@type":"ListItem","position":2,"name":"Casinos Swintt \u2013 Liste der besten Swintt Spielautomaten 2024\u00a0"}]},{"@type":"WebSite","@id":"https:\/\/www.platinplay.com\/#website","url":"https:\/\/www.platinplay.com\/","name":"platinplay.com","description":"Affiliate marketing","potentialAction":[{"@type":"SearchAction","target":{"@type":"EntryPoint","urlTemplate":"https:\/\/www.platinplay.com\/?s={search_term_string}"},"query-input":"required name=search_term_string"}],"inLanguage":"de-DE"}]}},"_links":{"self":[{"href":"https:\/\/www.platinplay.com\/de\/wp-json\/wp\/v2\/pages\/10211"}],"collection":[{"href":"https:\/\/www.platinplay.com\/de\/wp-json\/wp\/v2\/pages"}],"about":[{"href":"https:\/\/www.platinplay.com\/de\/wp-json\/wp\/v2\/types\/page"}],"author":[{"embeddable":true,"href":"https:\/\/www.platinplay.com\/de\/wp-json\/wp\/v2\/users\/2"}],"replies":[{"embeddable":true,"href":"https:\/\/www.platinplay.com\/de\/wp-json\/wp\/v2\/comments?post=10211"}],"version-history":[{"count":3,"href":"https:\/\/www.platinplay.com\/de\/wp-json\/wp\/v2\/pages\/10211\/revisions"}],"predecessor-version":[{"id":10271,"href":"https:\/\/www.platinplay.com\/de\/wp-json\/wp\/v2\/pages\/10211\/revisions\/10271"}],"wp:featuredmedia":[{"embeddable":true,"href":"https:\/\/www.platinplay.com\/de\/wp-json\/wp\/v2\/media\/10212"}],"wp:attachment":[{"href":"https:\/\/www.platinplay.com\/de\/wp-json\/wp\/v2\/media?parent=10211"}],"curies":[{"name":"wp","href":"https:\/\/api.w.org\/{rel}","templated":true}]}}