{"id":11174,"date":"2023-08-14T10:57:51","date_gmt":"2023-08-14T10:57:51","guid":{"rendered":"https:\/\/www.platinplay.com\/cookie-richtlinie"},"modified":"2024-04-16T12:51:24","modified_gmt":"2024-04-16T12:51:24","slug":"cookie-richtlinie","status":"publish","type":"page","link":"https:\/\/www.platinplay.com\/de\/cookie-richtlinie","title":{"rendered":"Cookie-Richtlinie"},"content":{"rendered":"\n<h2 id=\"was-sind-cookies\">Was sind Cookies?<\/h2>\n\n<p>Cookies sind kleine Datendateien, die auf Ihrem Computer oder Mobilger\u00e4t gespeichert werden, wenn Sie unsere Website besuchen. Sie werden verwendet, um Ihr Surferlebnis zu verbessern und uns zu helfen, zu verstehen, wie unsere Website genutzt wird.<\/p>\n\n<h2 id=\"einverstaendnis-und-kontrolle\">Einverst\u00e4ndnis und Kontrolle<\/h2>\n\n<p>In \u00dcbereinstimmung mit den GDPR-Anforderungen bitten wir Sie um Ihre Zustimmung, bevor wir nicht unbedingt notwendige Cookies verwenden. Wenn Sie unsere Website zum ersten Mal besuchen, erscheint ein Einwilligungsbanner, mit dem Sie die Verwendung von Cookies akzeptieren oder ablehnen k\u00f6nnen. Sie k\u00f6nnen Ihre Pr\u00e4ferenzen jederzeit \u00fcber Ihre Browsereinstellungen \u00e4ndern.<\/p>\n\n<h2 id=\"wie-verwenden-wir-cookies\">Wie verwenden wir Cookies?<\/h2>\n\n<p>Wir verwenden Cookies f\u00fcr verschiedene Zwecke:<\/p>\n\n<p><strong>Wesentliche Cookies:<\/strong> F\u00fcr den Betrieb unserer Website erforderlich.<\/p>\n\n<p><strong>Leistungs-Cookies:<\/strong> F\u00fcr die Analyse der Leistung der Website und der Benutzererfahrung.<\/p>\n\n<p><strong>Funktionalit\u00e4ts-Cookies:<\/strong> Um Ihre Pr\u00e4ferenzen zu speichern.<\/p>\n\n<p><strong>Targeting-\/Werbe-Cookies:<\/strong> Werden von unseren Werbepartnern verwendet, um relevante Werbung bereitzustellen.<\/p>\n\n<h3>Cookies von Dritten<\/h3>\n\n<p>Wir k\u00f6nnen Dritte damit beauftragen, Cookies in unserem Namen zu verwenden. Diese Drittparteien sind an ihre eigenen Datenschutzrichtlinien gebunden.<\/p>\n\n<h2 id=\"wie-verwalte-ich-cookies\"><strong>Wie verwalte ich Cookies?<\/strong><\/h2>\n\n<p>Sie k\u00f6nnen Ihre Cookie-Pr\u00e4ferenzen verwalten und bestimmte Cookies auf verschiedene Weise zulassen oder ablehnen:<\/p>\n\n<p><strong>Browser-Einstellungen:<\/strong> Die meisten Webbrowser erm\u00f6glichen es Ihnen, Ihre Cookie-Einstellungen zu verwalten. Sie k\u00f6nnen Ihren Browser so einstellen, dass er Cookies ablehnt oder bestimmte Cookies l\u00f6scht. Normalerweise finden Sie diese Einstellungen im Men\u00fc &#8220;Optionen&#8221; oder &#8220;Einstellungen&#8221; Ihres Browsers. Die folgenden Links k\u00f6nnen hilfreich sein, um diese Einstellungen zu verstehen, oder Sie k\u00f6nnen die &#8220;Hilfe&#8221;-Option Ihres Browsers verwenden, um weitere Einzelheiten zu erfahren:<\/p>\n\n<ul>\n<li><a href=\"https:\/\/support.google.com\/chrome\/answer\/95647?hl=en\">Chrome<\/a><\/li>\n\n\n\n<li><a href=\"https:\/\/support.mozilla.org\/en-US\/kb\/enable-and-disable-cookies-website-preferences\">Firefox<\/a><\/li>\n\n\n\n<li><a href=\"https:\/\/support.apple.com\/guide\/safari\/manage-cookies-and-website-data-sfri11471\/mac\">Safari<\/a><\/li>\n\n\n\n<li><a href=\"https:\/\/support.microsoft.com\/en-us\/microsoft-edge\/delete-cookies-in-microsoft-edge-63947406-40ac-c3b8-57b9-2a946a29ae09\">Microsoft Edge<\/a><\/li>\n<\/ul>\n\n<p><strong>Tools von Drittanbietern:<\/strong> Es gibt verschiedene Tools und Plugins von Drittanbietern, die Sie bei der Verwaltung von Cookies unterst\u00fctzen. Diese Tools k\u00f6nnen Ihnen helfen, Cookies anzuzeigen, zu bearbeiten oder zu l\u00f6schen. Sie finden sie im Erweiterungsspeicher Ihres Browsers oder in anderen Online-Quellen.<\/p>\n\n<p><strong>Website-Cookie-Pr\u00e4ferenzen:<\/strong> Einige Websites bieten M\u00f6glichkeiten zur Verwaltung von Cookies direkt auf der Website selbst. Suchen Sie in den Einstellungen oder Pr\u00e4ferenzen der Website nach einer Option &#8220;Cookie-Einstellungen&#8221; oder &#8220;Datenschutzpr\u00e4ferenzen&#8221;.<\/p>\n\n<p>Bitte beachten Sie, dass die Blockierung von Cookies die Funktionalit\u00e4t unserer Website beeintr\u00e4chtigen kann und dass einige Funktionen m\u00f6glicherweise nicht wie vorgesehen funktionieren.<\/p>\n\n<h2 id=\"ihre-rechte-gemaess-gdpr\">Ihre Rechte gem\u00e4\u00df GDPR<\/h2>\n\n<p>Gem\u00e4\u00df GDPR haben Sie das Recht, Zugang zu Ihren personenbezogenen Daten zu verlangen und deren Berichtigung oder L\u00f6schung zu fordern. Weitere Informationen \u00fcber Ihre Rechte finden Sie in unserer Datenschutzrichtlinie.<\/p>\n\n<h2 id=\"aenderungen-an-dieser-cookie-richtlinie\">\u00c4nderungen an dieser Cookie-Richtlinie<\/h2>\n\n<p>Wir k\u00f6nnen diese Cookie-Richtlinie aktualisieren, wenn dies gesetzlich vorgeschrieben ist und um \u00c4nderungen an unseren Cookie-Praktiken zu ber\u00fccksichtigen.<\/p>\n\n<h2 id=\"kontakt\">Kontakt<\/h2>\n\n<p>Wenn Sie weitere Informationen \u00fcber unsere Verwendung von Cookies w\u00fcnschen oder Ihre GDPR-Rechte aus\u00fcben m\u00f6chten, wenden Sie sich bitte an PlatinPlay unter <a href=\"mailto:hello@platinplay.com\">support@platinplay.com<\/a><\/p>\n","protected":false},"excerpt":{"rendered":"<p>Was sind Cookies? Cookies sind kleine Datendateien, die auf Ihrem Computer oder Mobilger\u00e4t gespeichert werden, wenn Sie unsere Website besuchen. Sie werden verwendet, um Ihr Surferlebnis zu verbessern und uns zu helfen, zu verstehen, wie unsere Website genutzt wird. Einverst\u00e4ndnis und Kontrolle In \u00dcbereinstimmung mit den GDPR-Anforderungen bitten wir Sie um Ihre Zustimmung, bevor wir &hellip; <a href=\"https:\/\/www.platinplay.com\/de\/cookie-richtlinie\">Continued<\/a><\/p>\n","protected":false},"author":2,"featured_media":0,"parent":0,"menu_order":0,"comment_status":"closed","ping_status":"closed","template":"","meta":[],"acf":[],"yoast_head":"<!-- This site is optimized with the Yoast SEO plugin v20.13 - https:\/\/yoast.com\/wordpress\/plugins\/seo\/ -->\n<title>Cookie-Richtlinie - platinplay.com<\/title>\n<meta name=\"description\" content=\"Sie erkl\u00e4rt, was diese Technologien sind, warum wir sie verwenden und welche Rechte Sie haben, um unsere Verwendung zu kontrollieren.\" \/>\n<meta name=\"robots\" content=\"index, follow, max-snippet:-1, max-image-preview:large, max-video-preview:-1\" \/>\n<link rel=\"canonical\" href=\"https:\/\/www.platinplay.com\/de\/cookie-richtlinie\" \/>\n<meta property=\"og:locale\" content=\"de_DE\" \/>\n<meta property=\"og:type\" content=\"article\" \/>\n<meta property=\"og:title\" content=\"Cookie-Richtlinie - platinplay.com\" \/>\n<meta property=\"og:description\" content=\"Sie erkl\u00e4rt, was diese Technologien sind, warum wir sie verwenden und welche Rechte Sie haben, um unsere Verwendung zu kontrollieren.\" \/>\n<meta property=\"og:url\" content=\"https:\/\/www.platinplay.com\/de\/cookie-richtlinie\" \/>\n<meta property=\"og:site_name\" content=\"platinplay.com\" \/>\n<meta property=\"article:modified_time\" content=\"2024-04-16T12:51:24+00:00\" \/>\n<meta name=\"twitter:card\" content=\"summary_large_image\" \/>\n<meta name=\"twitter:label1\" content=\"Est. reading time\" \/>\n\t<meta name=\"twitter:data1\" content=\"2 minutes\" \/>\n<script type=\"application\/ld+json\" class=\"yoast-schema-graph\">{\"@context\":\"https:\/\/schema.org\",\"@graph\":[{\"@type\":\"WebPage\",\"@id\":\"https:\/\/www.platinplay.com\/de\/cookie-richtlinie\",\"url\":\"https:\/\/www.platinplay.com\/de\/cookie-richtlinie\",\"name\":\"Cookie-Richtlinie - platinplay.com\",\"isPartOf\":{\"@id\":\"https:\/\/www.platinplay.com\/#website\"},\"datePublished\":\"2023-08-14T10:57:51+00:00\",\"dateModified\":\"2024-04-16T12:51:24+00:00\",\"description\":\"Sie erkl\u00e4rt, was diese Technologien sind, warum wir sie verwenden und welche Rechte Sie haben, um unsere Verwendung zu kontrollieren.\",\"breadcrumb\":{\"@id\":\"https:\/\/www.platinplay.com\/de\/cookie-richtlinie#breadcrumb\"},\"inLanguage\":\"de-DE\",\"potentialAction\":[{\"@type\":\"ReadAction\",\"target\":[\"https:\/\/www.platinplay.com\/de\/cookie-richtlinie\"]}]},{\"@type\":\"BreadcrumbList\",\"@id\":\"https:\/\/www.platinplay.com\/de\/cookie-richtlinie#breadcrumb\",\"itemListElement\":[{\"@type\":\"ListItem\",\"position\":1,\"name\":\"Home\",\"item\":\"https:\/\/www.platinplay.com\/de\/beste-gluecksspielseiten-und-casinos-deutschlands-getyear\"},{\"@type\":\"ListItem\",\"position\":2,\"name\":\"Cookie-Richtlinie\"}]},{\"@type\":\"WebSite\",\"@id\":\"https:\/\/www.platinplay.com\/#website\",\"url\":\"https:\/\/www.platinplay.com\/\",\"name\":\"platinplay.com\",\"description\":\"Affiliate marketing\",\"potentialAction\":[{\"@type\":\"SearchAction\",\"target\":{\"@type\":\"EntryPoint\",\"urlTemplate\":\"https:\/\/www.platinplay.com\/?s={search_term_string}\"},\"query-input\":\"required name=search_term_string\"}],\"inLanguage\":\"de-DE\"}]}<\/script>\n<!-- \/ Yoast SEO plugin. -->","yoast_head_json":{"title":"Cookie-Richtlinie - platinplay.com","description":"Sie erkl\u00e4rt, was diese Technologien sind, warum wir sie verwenden und welche Rechte Sie haben, um unsere Verwendung zu kontrollieren.","robots":{"index":"index","follow":"follow","max-snippet":"max-snippet:-1","max-image-preview":"max-image-preview:large","max-video-preview":"max-video-preview:-1"},"canonical":"https:\/\/www.platinplay.com\/de\/cookie-richtlinie","og_locale":"de_DE","og_type":"article","og_title":"Cookie-Richtlinie - platinplay.com","og_description":"Sie erkl\u00e4rt, was diese Technologien sind, warum wir sie verwenden und welche Rechte Sie haben, um unsere Verwendung zu kontrollieren.","og_url":"https:\/\/www.platinplay.com\/de\/cookie-richtlinie","og_site_name":"platinplay.com","article_modified_time":"2024-04-16T12:51:24+00:00","twitter_card":"summary_large_image","twitter_misc":{"Est. reading time":"2 minutes"},"schema":{"@context":"https:\/\/schema.org","@graph":[{"@type":"WebPage","@id":"https:\/\/www.platinplay.com\/de\/cookie-richtlinie","url":"https:\/\/www.platinplay.com\/de\/cookie-richtlinie","name":"Cookie-Richtlinie - platinplay.com","isPartOf":{"@id":"https:\/\/www.platinplay.com\/#website"},"datePublished":"2023-08-14T10:57:51+00:00","dateModified":"2024-04-16T12:51:24+00:00","description":"Sie erkl\u00e4rt, was diese Technologien sind, warum wir sie verwenden und welche Rechte Sie haben, um unsere Verwendung zu kontrollieren.","breadcrumb":{"@id":"https:\/\/www.platinplay.com\/de\/cookie-richtlinie#breadcrumb"},"inLanguage":"de-DE","potentialAction":[{"@type":"ReadAction","target":["https:\/\/www.platinplay.com\/de\/cookie-richtlinie"]}]},{"@type":"BreadcrumbList","@id":"https:\/\/www.platinplay.com\/de\/cookie-richtlinie#breadcrumb","itemListElement":[{"@type":"ListItem","position":1,"name":"Home","item":"https:\/\/www.platinplay.com\/de\/beste-gluecksspielseiten-und-casinos-deutschlands-getyear"},{"@type":"ListItem","position":2,"name":"Cookie-Richtlinie"}]},{"@type":"WebSite","@id":"https:\/\/www.platinplay.com\/#website","url":"https:\/\/www.platinplay.com\/","name":"platinplay.com","description":"Affiliate marketing","potentialAction":[{"@type":"SearchAction","target":{"@type":"EntryPoint","urlTemplate":"https:\/\/www.platinplay.com\/?s={search_term_string}"},"query-input":"required name=search_term_string"}],"inLanguage":"de-DE"}]}},"_links":{"self":[{"href":"https:\/\/www.platinplay.com\/de\/wp-json\/wp\/v2\/pages\/11174"}],"collection":[{"href":"https:\/\/www.platinplay.com\/de\/wp-json\/wp\/v2\/pages"}],"about":[{"href":"https:\/\/www.platinplay.com\/de\/wp-json\/wp\/v2\/types\/page"}],"author":[{"embeddable":true,"href":"https:\/\/www.platinplay.com\/de\/wp-json\/wp\/v2\/users\/2"}],"replies":[{"embeddable":true,"href":"https:\/\/www.platinplay.com\/de\/wp-json\/wp\/v2\/comments?post=11174"}],"version-history":[{"count":1,"href":"https:\/\/www.platinplay.com\/de\/wp-json\/wp\/v2\/pages\/11174\/revisions"}],"predecessor-version":[{"id":11175,"href":"https:\/\/www.platinplay.com\/de\/wp-json\/wp\/v2\/pages\/11174\/revisions\/11175"}],"wp:attachment":[{"href":"https:\/\/www.platinplay.com\/de\/wp-json\/wp\/v2\/media?parent=11174"}],"curies":[{"name":"wp","href":"https:\/\/api.w.org\/{rel}","templated":true}]}}