{"id":7175,"date":"2023-10-09T13:39:01","date_gmt":"2023-10-09T13:39:01","guid":{"rendered":"https:\/\/platinplay.com\/?page_id=7175"},"modified":"2023-10-17T12:14:04","modified_gmt":"2023-10-17T12:14:04","slug":"push-gaming","status":"publish","type":"page","link":"https:\/\/www.platinplay.com\/de\/casinos\/anbieter\/push-gaming","title":{"rendered":"Push Gaming Spiele online \u2013 Beste Push Gaming Spiele 2026\u00a0"},"content":{"rendered":"\n<p>Seit der Gr\u00fcndung des Unternehmens im Jahr 2010 hat Push Gaming rund 50 Slots und zwei Jackpot Spiele entwickelt. Verglichen mit anderen Providern ist das Push Gaming Portfolio \u00fcberschaubar, kann aber mit einer sehr guten Qualit\u00e4t punkten. Fast alle Push Gaming Spiele sind mit neuartigen Funktionen und Bonusspielen ausgestattet. Der Entwickler ist in Besitz g\u00fcltiger Gl\u00fccksspiellizenzen, unter anderem von der Gambling Commission sowie der Alderney Gambling Control Commission aus Gro\u00dfbritannien. Letztere Lizenz wird ben\u00f6tigt, um Spiele auch au\u00dferhalb des Vereinigten K\u00f6nigreichs anbieten zu d\u00fcrfen.<\/p>\n\n\n\n<h2 id=\"top-push-gaming-online-spielautomaten\">Top Push Gaming online Spielautomaten<\/h2>\n\n\n\n<p>\ud83d\udfe1 Golden Farm<\/p>\n\n\n\n<p>\ud83c\udf53Jammin Jars<\/p>\n\n\n\n<p>\ud83d\udca5Wild Neon<\/p>\n\n\n\n<p>\ud83d\udc66Peter and the Lost Boys<\/p>\n\n\n\n<p>\ud83e\uddc9Tiki Tumble<\/p>\n\n\n\n<p>\ud83c\udd99Turn It Up<\/p>\n\n\n\n<p>\ud83d\ude07 Gems of the Gods<\/p>\n\n\n\n<p>\u2600\ufe0f Blaze of Ra<\/p>\n\n\n\n<p>\ud83d\udc09 Dragon Sisters<\/p>\n\n\n\n<p>\u2744\ufe0f Ice Breaker<\/p>\n\n\n\n<figure class=\"wp-block-image size-full\"><img decoding=\"async\" loading=\"lazy\" width=\"740\" height=\"302\" src=\"https:\/\/www.platinplay.com\/app\/uploads\/2023\/10\/image-7.png\" alt=\"\" class=\"wp-image-7219\"\/><\/figure>\n\n\n\n<h3>Cluster Pay Spiele<\/h3>\n\n\n\n<p>Cluster Pays Slots werden immer popul\u00e4rer. Die Games versprechen beste Unterhaltung und hohe Gewinnchancen. Bei Push Gaming Slots, die \u00fcber die Cluster Pay Mechanik verf\u00fcgen, k\u00f6nnen Gewinne erzielt werden, wenn Gewinnbilder in Clustern erscheinen. Wie genau ein Cluster auszusehen hat, ist von Game zu Game unterschiedlich. So k\u00f6nnen die Spielregeln beispielsweise vorsehen, dass sich mindestens f\u00fcnf Gewinnzeichen horizontal oder vertikal ber\u00fchren m\u00fcssen.<\/p>\n\n\n\n<h3>Fr\u00fcchteslots<\/h3>\n\n\n\n<p>Fr\u00fcchteslots sind eine Art von Online Spielen, die in Push Gaming Casinos verf\u00fcgbar sind. Die Spiele zeichnen sich durch ihr einfaches und klassisches Design aus, das h\u00e4ufig Symbole von Fr\u00fcchten wie Kirschen, Zitronen, Orangen, Trauben, Wassermelonen und Pflaumen verwendet. Die Urspr\u00fcnge der bunten Automaten gehen auf die Anfangszeit des Gl\u00fccksspiels zur\u00fcck, als physische Spielautomaten in landbasierten Push Gaming Casinos und Bars weit verbreitet waren. In den Spielen wurden einfache Fruchtsymbole und Glocken verwendet, um Gewinnkombis zu erzeugen. Fr\u00fcchteslots sind meist einfach zu bedienen und haben wenige Bonusfunktionen. Jammin Jars ist der bekannteste Fruchtslot von Push Gaming.<\/p>\n\n\n\n<h3>\u00c4gypten Slots<\/h3>\n\n\n\n<p>\u00c4gypten Slots geh\u00f6ren zu den beliebtesten Automaten in Online Spielbanken. Die Games bieten Symbole wie Pharaonen, Pyramiden und Hieroglyphen. Spieler drehen die Walzen, um Gewinnkombinationen zu erzielen und Boni auszul\u00f6sen. Die Push Gaming Slots mit dem Thema \u00c4gypten zeichnen sich durch eine mystische Atmosph\u00e4re und die Chance auf hohe Gewinne aus. Blaze of Ra ist das popul\u00e4rste \u00c4gypten Spiel des Providers.<\/p>\n\n\n\n<h2 id=\"casino-boni-fuer-push-gaming\">Casino Boni f\u00fcr Push Gaming<\/h2>\n\n\n\n<figure class=\"wp-block-image size-full\"><img decoding=\"async\" loading=\"lazy\" width=\"820\" height=\"388\" src=\"https:\/\/www.platinplay.com\/app\/uploads\/2023\/09\/LordLucky-Willkommensbonus.jpg\" alt=\"LordLucky Willkommensbonus\" class=\"wp-image-6013\"\/><\/figure>\n\n\n\n<p>Die Online Spielbanken LordLucky und Wildz bieten h\u00e4ufig Boni exklusiv f\u00fcr Push Gaming Spiele an. Bei den Boni handelt es sich meist um Freispiele.<\/p>\n\n\n\n<p>Bei <strong><a href=\"https:\/\/www.platinplay.com\/de\/casino-test\/lordlucky\">LordLucky Casino<\/a><\/strong> erhalten aktuell alle Neukunden nach ihrer erfolgreichen Registrierung einen 400 Prozent Bonus bis 100 Euro sowie 20 Free Casino Spins (aktuell f\u00fcr Legacy of Dead). Um das Willkommensangebot freizuschalten, m\u00fcssen Casino Kunden eine Einzahlung zwischen 10 Euro und 25 Euro t\u00e4tigen und dabei den Bonuscode &#8220;WELCOME&#8221; hinterlegen. Vor der Auszahlung muss der Bonus 45 Mal innerhalb von 30 Tagen umgesetzt werden.<\/p>\n\n\n\n<p>Das Wildz Casino bietet allen Neukunden momentan ein besonders attraktives Einstiegspaket: Neue Spieler d\u00fcrfen sich \u00fcber einen 100 Prozent bis zu 500\u20ac Einzahlungsbonus und 200 Freispiele freuen. Eine Mindesteinzahlung von 10 Euro ist erforderlich, um den Bonus zu aktivieren. Ein Bonuscode ist nicht erforderlich, Kunden m\u00fcssen den Bonus aber innerhalb von 24 Stunden ab Bereitstellung annehmen. Ab dann haben Spieler 60 Tage lang Zeit, den Bonus 35 Mal umzusetzen. Gem\u00e4\u00df den Teilnahmebedingungen werden die Free Spins zu 25 Freispielen pro Tag \u00fcber acht Tage vergeben. Der Wert der Gratis-Spielrunden betr\u00e4gt jeweils mindestens 0,10 Euro. Die Freispiele sind immer nur 24 Stunden g\u00fcltig, und verfallen, wenn Du sie nicht nutzt. Gewinne aus diesen gratis Drehs m\u00fcssen innerhalb von 60 Tagen 35x umgesetzt werden, bevor Du sie auszahlen kannst.<\/p>\n\n\n\n<h2 id=\"push-gaming-mobiles-casino\">Push Gaming mobiles Casino<\/h2>\n\n\n\n<p>Ein gro\u00dfer Vorteil f\u00fcr Dich als Casino Kunde ist, dass alle Push Gaming Slots sowohl am Desktop als auch mobil in hochwertiger Qualit\u00e4t zur Verf\u00fcgung stehen. Die Einstellungen sind auf dem Handy gewohnt einfach. Auch die Ladezeiten stehen der jeweiligen Desktop-Variante in nichts nach. Das mobile Spielen im Online Casino bietet zahlreiche Vorz\u00fcge. Es erm\u00f6glicht Dir vollste Flexibilit\u00e4t und Zugang von \u00fcberall her, sofern eine Internetverbindung besteht. Mobile Apps und die mobilen Websites sind benutzerfreundlich und bieten gelegentlich sogar exklusive Boni. Casino Kunden k\u00f6nnen ihre Lieblingsspiele unterwegs genie\u00dfen und sich die Wartezeit vertreiben. Mobile Push Gaming Casinos gelten als sicher.<\/p>\n\n\n\n<h2 id=\"push-gaming-information\">Push Gaming Information<\/h2>\n\n\n\n<p>Push Gaming ist ein Provider von Casino Software aus Gro\u00dfbritannien und mit einem Firmensitz auf Malta. Das Unternehmen wurde 2010 gegr\u00fcndet. Obwohl das Spielangebot mit rund 50 Push Gaming Slots im Vergleich zu dem Angebot der Mitbewerber nicht besonders \u00fcppig ist, hat der Provider ein gl\u00fcckliches H\u00e4ndchen f\u00fcr aktuell angesagte Slot Themen und kann deshalb die Konkurrenz oft \u00fcbertrumpfen. Das Entwicklerteam von Push Gaming setzt besonders auf lebendige Animationen, au\u00dfergew\u00f6hnliche Sonderfunktionen und ein simples Setting. Live Push Gaming Spiele werden bisher nicht angeboten. Der Fokus liegt klar auf Push Gaming Slots.<\/p>\n\n\n\n<h3>Push Gaming Lizenz<\/h3>\n\n\n\n<p>Als Spieler musst Du Dir bei Push Gaming in Bezug auf Sicherheit und Fairness keine Gedanken machen. Hinter der Marke stehen zwei Lizenzgeber: Die MGA Malta und die UK Gambling Commission. Der Provider selbst hat hohe Anspr\u00fcche an seine Kooperationspartner. Diese m\u00fcssen speziell die folgenden Kriterien erf\u00fcllen, um Automaten von Push Gaming bereitstellen zu d\u00fcrfen:<\/p>\n\n\n\n<ul>\n<li>\u00dcberdurchschnittlich hohe RTP-Raten<\/li>\n\n\n\n<li>Lizenzen aus Malta und dem Vereinigten K\u00f6nigreich<\/li>\n\n\n\n<li>Kostenlose Demo-Versionen<\/li>\n\n\n\n<li>Echtgeldmodi ab wenigen Cent<\/li>\n\n\n\n<li>Transparente Zahlungspolitik<\/li>\n\n\n\n<li>Schnelle und sichere Ein- und Auszahlungen<\/li>\n\n\n\n<li>100 Prozent mobil kompatibel<\/li>\n<\/ul>\n\n\n\n<h3>Push Gaming Auszeichnungen<\/h3>\n\n\n\n<p>Push Gaming konnte bereits viele Auszeichnungen im Online Gaming Kosmos abstauben. Dies sind nur einige der Awards, die der Provider f\u00fcr seine Games erhalten hat:<\/p>\n\n\n\n<p>1. Gewinner des &#8220;Videoslots Best Game Award&#8221; im Jahr 2018 (f\u00fcr Jammin Jars)<\/p>\n\n\n\n<p>2. 5 Nominierungen bei den &#8220;Casino Beats Game Developer Awards&#8221; in 2021<\/p>\n\n\n\n<p>3. Nominiert f\u00fcr den &#8220;SBC Developer of the Year Award&#8221; im Jahr 2020<\/p>\n\n\n\n<h3>Andere Casino Anbieter&nbsp;<\/h3>\n\n\n\n<p>Es gibt viele <strong><a href=\"https:\/\/www.platinplay.com\/de\/casinos\/anbieter\">Online Casino Anbieter<\/a><\/strong>, die hochwertige Online Slots anbieten. Hier stellen wir Dir drei Unternehmen vor, bei denen Du in Deutschland legal spielen kannst.<\/p>\n\n\n\n<p><strong>Amatic<\/strong><\/p>\n\n\n\n<p>Amatic ist ein Anbieter von Online Spielhallen Games aus \u00d6sterreich. Das Unternehmen ist relativ klein und bei weitem nicht so bekannt ist wie die Branchenf\u00fchrer Microgaming oder NetEnt. Die Games von Amatic kommen jedoch bei Casino Spielern gut an. Amatic wurde bereits 1993 gegr\u00fcndet und ist als Entwickler, Hersteller und Vertreiber von Spieltechnologien f\u00fcr landgest\u00fctzte Spielbanken t\u00e4tig. Der Provider verf\u00fcgt \u00fcber ein umfangreiches Sortiment von Roulette Spielen f\u00fcr Spielbanken und verbessert die Auswahl an Games kontinuierlich. Neben den regul\u00e4ren Automatenspielen entwickelte der Provider auch eigene Video-Lotterieterminals (VLT).<\/p>\n\n\n\n<p><strong>NetEnt<\/strong><\/p>\n\n\n\n<p>NetEnt geh\u00f6rt zu den bekanntesten und erfolgreichsten Providern von Casino Software. Die Games zeichnen sich besonders durch eine hochwertige Software aus. Deine Daten und Gewinne sind bei NetEnt immer sicher aufgehoben, da das Unternehmen \u00fcber eine deutsche Gl\u00fccksspiellizenz verf\u00fcgt. Die Auszahlungsquoten in NetEnt Spielen liegen im \u00fcberdurchschnittlich hohen Bereich. Fast alle Games k\u00f6nnen auch mobil gezockt werden. Der Provider hat mittlerweile \u00fcber 200 abwechslungsreiche Spiele ver\u00f6ffentlicht. Neben zahlreichen Slots werden auch Tischspiele um die Klassiker wie Roulette und Blackjack angeboten.<\/p>\n\n\n\n<p><strong>Pragmatic Play<\/strong><\/p>\n\n\n\n<p>Auch Pragmatic Play geh\u00f6rt zu den ganz Gro\u00dfen in der Welt der Online Casinos. Das Unternehmen wurde im Jahr 2007 in Sliema, Malta, gegr\u00fcndet. Spiele des Entwicklers werden derzeit in 78 L\u00e4nder ausgeliefert. Die Games wurden bislang in 23 Sprachen \u00fcbersetzt. Die Spiele \u00fcberzeugen vor allem mit vielen Funktionen und spannenden Themen. Regelm\u00e4\u00dfig werden neue Titel ver\u00f6ffentlicht. Zu den gr\u00f6\u00dften Erfolgen des preisgekr\u00f6nten Providers geh\u00f6ren unter anderem Extra Juicy, Great Rhino und Sweet Bonanza.<\/p>\n\n\n\n<h3>Warum empfehlen wir Push Gaming (Fazit)<\/h3>\n\n\n\n<p>Push Gaming hat ein paar tolle Games im Angebot. Titel wie Golden Farm, Wild Neon und Jammin Jars lassen das Herz eines jeden Casino Kunden h\u00f6herschlagen. Das Portfolio umfasst eine ganze Bandbreite an verschiedenen Spielkategorien. Die Games sind einfach zu bedienen und \u00fcberzeugen mit sinnvolle Features, die viel Spannung in das Online Casino bringen. Was k\u00f6nnen wir da zum Abschluss noch sagen? Das Push Gaming Online Casino bieten Dir alles, was du Dir nur w\u00fcnschen kannst. Ob mobile Spielm\u00f6glichkeiten, hohe Auszahlungsraten, facettenreiche Spiele oder besonders gute Promotionen zur Abwechslung &#8211; der Entwickler selbst hat bereits f\u00fcr ausgezeichnete Bedingungen gesorgt. Du musst Dich also nur noch registrieren und schon kann es mit dem Ausprobieren des unschlagbaren Angebots von Push Gaming los gehen. Wir sind davon \u00fcberzeugt, dass Du trotz der relativ kleinen Spielauswahl bei Push Gaming Dein neues Lieblingsspiel finden wirst.<\/p>\n","protected":false},"excerpt":{"rendered":"<p>Seit der Gr\u00fcndung des Unternehmens im Jahr 2010 hat Push Gaming rund 50 Slots und zwei Jackpot Spiele entwickelt. Verglichen mit anderen Providern ist das Push Gaming Portfolio \u00fcberschaubar, kann aber mit einer sehr guten Qualit\u00e4t punkten. Fast alle Push Gaming Spiele sind mit neuartigen Funktionen und Bonusspielen ausgestattet. Der Entwickler ist in Besitz g\u00fcltiger &hellip; <a href=\"https:\/\/www.platinplay.com\/de\/casinos\/anbieter\/push-gaming\">Continued<\/a><\/p>\n","protected":false},"author":2,"featured_media":3493,"parent":7176,"menu_order":0,"comment_status":"closed","ping_status":"closed","template":"","meta":[],"acf":[],"yoast_head":"<!-- This site is optimized with the Yoast SEO plugin v20.13 - https:\/\/yoast.com\/wordpress\/plugins\/seo\/ -->\n<title>Push Gaming Spiele online \u2013 Push Gaming Casinos (2026)<\/title>\n<meta name=\"description\" content=\"Top online Casinos mit Push Gaming Slots getestet von PlatinPlay \ud83c\udfb0 Top beliebteste Push Gaming Spiele \ud83c\udf81 Alle Bonusangebote f\u00fcr Push Gaming\" \/>\n<meta name=\"robots\" content=\"index, follow, max-snippet:-1, max-image-preview:large, max-video-preview:-1\" \/>\n<link rel=\"canonical\" href=\"https:\/\/www.platinplay.com\/de\/casinos\/anbieter\/push-gaming\" \/>\n<meta property=\"og:locale\" content=\"de_DE\" \/>\n<meta property=\"og:type\" content=\"article\" \/>\n<meta property=\"og:title\" content=\"Push Gaming Spiele online \u2013 Push Gaming Casinos (2026)\" \/>\n<meta property=\"og:description\" content=\"Top online Casinos mit Push Gaming Slots getestet von PlatinPlay \ud83c\udfb0 Top beliebteste Push Gaming Spiele \ud83c\udf81 Alle Bonusangebote f\u00fcr Push Gaming\" \/>\n<meta property=\"og:url\" content=\"https:\/\/www.platinplay.com\/de\/casinos\/anbieter\/push-gaming\" \/>\n<meta property=\"og:site_name\" content=\"platinplay.com\" \/>\n<meta property=\"article:modified_time\" content=\"2023-10-17T12:14:04+00:00\" \/>\n<meta property=\"og:image\" content=\"https:\/\/www.platinplay.com\/app\/uploads\/2023\/08\/push-gaming-logo.png\" \/>\n\t<meta property=\"og:image:width\" content=\"465\" \/>\n\t<meta property=\"og:image:height\" content=\"250\" \/>\n\t<meta property=\"og:image:type\" content=\"image\/png\" \/>\n<meta name=\"twitter:card\" content=\"summary_large_image\" \/>\n<meta name=\"twitter:label1\" content=\"Est. reading time\" \/>\n\t<meta name=\"twitter:data1\" content=\"7 minutes\" \/>\n<script type=\"application\/ld+json\" class=\"yoast-schema-graph\">{\"@context\":\"https:\/\/schema.org\",\"@graph\":[{\"@type\":\"WebPage\",\"@id\":\"https:\/\/www.platinplay.com\/de\/casinos\/anbieter\/push-gaming\",\"url\":\"https:\/\/www.platinplay.com\/de\/casinos\/anbieter\/push-gaming\",\"name\":\"Push Gaming Spiele online \u2013 Push Gaming Casinos (2026)\",\"isPartOf\":{\"@id\":\"https:\/\/www.platinplay.com\/#website\"},\"datePublished\":\"2023-10-09T13:39:01+00:00\",\"dateModified\":\"2023-10-17T12:14:04+00:00\",\"description\":\"Top online Casinos mit Push Gaming Slots getestet von PlatinPlay \ud83c\udfb0 Top beliebteste Push Gaming Spiele \ud83c\udf81 Alle Bonusangebote f\u00fcr Push Gaming\",\"breadcrumb\":{\"@id\":\"https:\/\/www.platinplay.com\/de\/casinos\/anbieter\/push-gaming#breadcrumb\"},\"inLanguage\":\"de-DE\",\"potentialAction\":[{\"@type\":\"ReadAction\",\"target\":[\"https:\/\/www.platinplay.com\/de\/casinos\/anbieter\/push-gaming\"]}]},{\"@type\":\"BreadcrumbList\",\"@id\":\"https:\/\/www.platinplay.com\/de\/casinos\/anbieter\/push-gaming#breadcrumb\",\"itemListElement\":[{\"@type\":\"ListItem\",\"position\":1,\"name\":\"Home\",\"item\":\"https:\/\/www.platinplay.com\/de\/beste-gluecksspielseiten-und-casinos-deutschlands-getyear\"},{\"@type\":\"ListItem\",\"position\":2,\"name\":\"Online Casinos Deutschland \u2013 die besten online Spielotheken 2024\u00a0\",\"item\":\"https:\/\/www.platinplay.com\/de\/casinos\"},{\"@type\":\"ListItem\",\"position\":3,\"name\":\"Online Casino Anbieter &#8211; Casino Software Providers\",\"item\":\"https:\/\/www.platinplay.com\/de\/casinos\/anbieter\"},{\"@type\":\"ListItem\",\"position\":4,\"name\":\"Push Gaming Spiele online \u2013 Beste Push Gaming Spiele 2024\u00a0\"}]},{\"@type\":\"WebSite\",\"@id\":\"https:\/\/www.platinplay.com\/#website\",\"url\":\"https:\/\/www.platinplay.com\/\",\"name\":\"platinplay.com\",\"description\":\"Affiliate marketing\",\"potentialAction\":[{\"@type\":\"SearchAction\",\"target\":{\"@type\":\"EntryPoint\",\"urlTemplate\":\"https:\/\/www.platinplay.com\/?s={search_term_string}\"},\"query-input\":\"required name=search_term_string\"}],\"inLanguage\":\"de-DE\"}]}<\/script>\n<!-- \/ Yoast SEO plugin. -->","yoast_head_json":{"title":"Push Gaming Spiele online \u2013 Push Gaming Casinos (2026)","description":"Top online Casinos mit Push Gaming Slots getestet von PlatinPlay \ud83c\udfb0 Top beliebteste Push Gaming Spiele \ud83c\udf81 Alle Bonusangebote f\u00fcr Push Gaming","robots":{"index":"index","follow":"follow","max-snippet":"max-snippet:-1","max-image-preview":"max-image-preview:large","max-video-preview":"max-video-preview:-1"},"canonical":"https:\/\/www.platinplay.com\/de\/casinos\/anbieter\/push-gaming","og_locale":"de_DE","og_type":"article","og_title":"Push Gaming Spiele online \u2013 Push Gaming Casinos (2026)","og_description":"Top online Casinos mit Push Gaming Slots getestet von PlatinPlay \ud83c\udfb0 Top beliebteste Push Gaming Spiele \ud83c\udf81 Alle Bonusangebote f\u00fcr Push Gaming","og_url":"https:\/\/www.platinplay.com\/de\/casinos\/anbieter\/push-gaming","og_site_name":"platinplay.com","article_modified_time":"2023-10-17T12:14:04+00:00","og_image":[{"width":465,"height":250,"url":"https:\/\/www.platinplay.com\/app\/uploads\/2023\/08\/push-gaming-logo.png","type":"image\/png"}],"twitter_card":"summary_large_image","twitter_misc":{"Est. reading time":"7 minutes"},"schema":{"@context":"https:\/\/schema.org","@graph":[{"@type":"WebPage","@id":"https:\/\/www.platinplay.com\/de\/casinos\/anbieter\/push-gaming","url":"https:\/\/www.platinplay.com\/de\/casinos\/anbieter\/push-gaming","name":"Push Gaming Spiele online \u2013 Push Gaming Casinos (2026)","isPartOf":{"@id":"https:\/\/www.platinplay.com\/#website"},"datePublished":"2023-10-09T13:39:01+00:00","dateModified":"2023-10-17T12:14:04+00:00","description":"Top online Casinos mit Push Gaming Slots getestet von PlatinPlay \ud83c\udfb0 Top beliebteste Push Gaming Spiele \ud83c\udf81 Alle Bonusangebote f\u00fcr Push Gaming","breadcrumb":{"@id":"https:\/\/www.platinplay.com\/de\/casinos\/anbieter\/push-gaming#breadcrumb"},"inLanguage":"de-DE","potentialAction":[{"@type":"ReadAction","target":["https:\/\/www.platinplay.com\/de\/casinos\/anbieter\/push-gaming"]}]},{"@type":"BreadcrumbList","@id":"https:\/\/www.platinplay.com\/de\/casinos\/anbieter\/push-gaming#breadcrumb","itemListElement":[{"@type":"ListItem","position":1,"name":"Home","item":"https:\/\/www.platinplay.com\/de\/beste-gluecksspielseiten-und-casinos-deutschlands-getyear"},{"@type":"ListItem","position":2,"name":"Online Casinos Deutschland \u2013 die besten online Spielotheken 2024\u00a0","item":"https:\/\/www.platinplay.com\/de\/casinos"},{"@type":"ListItem","position":3,"name":"Online Casino Anbieter &#8211; Casino Software Providers","item":"https:\/\/www.platinplay.com\/de\/casinos\/anbieter"},{"@type":"ListItem","position":4,"name":"Push Gaming Spiele online \u2013 Beste Push Gaming Spiele 2024\u00a0"}]},{"@type":"WebSite","@id":"https:\/\/www.platinplay.com\/#website","url":"https:\/\/www.platinplay.com\/","name":"platinplay.com","description":"Affiliate marketing","potentialAction":[{"@type":"SearchAction","target":{"@type":"EntryPoint","urlTemplate":"https:\/\/www.platinplay.com\/?s={search_term_string}"},"query-input":"required name=search_term_string"}],"inLanguage":"de-DE"}]}},"_links":{"self":[{"href":"https:\/\/www.platinplay.com\/de\/wp-json\/wp\/v2\/pages\/7175"}],"collection":[{"href":"https:\/\/www.platinplay.com\/de\/wp-json\/wp\/v2\/pages"}],"about":[{"href":"https:\/\/www.platinplay.com\/de\/wp-json\/wp\/v2\/types\/page"}],"author":[{"embeddable":true,"href":"https:\/\/www.platinplay.com\/de\/wp-json\/wp\/v2\/users\/2"}],"replies":[{"embeddable":true,"href":"https:\/\/www.platinplay.com\/de\/wp-json\/wp\/v2\/comments?post=7175"}],"version-history":[{"count":5,"href":"https:\/\/www.platinplay.com\/de\/wp-json\/wp\/v2\/pages\/7175\/revisions"}],"predecessor-version":[{"id":8589,"href":"https:\/\/www.platinplay.com\/de\/wp-json\/wp\/v2\/pages\/7175\/revisions\/8589"}],"up":[{"embeddable":true,"href":"https:\/\/www.platinplay.com\/de\/wp-json\/wp\/v2\/pages\/7176"}],"wp:featuredmedia":[{"embeddable":true,"href":"https:\/\/www.platinplay.com\/de\/wp-json\/wp\/v2\/media\/3493"}],"wp:attachment":[{"href":"https:\/\/www.platinplay.com\/de\/wp-json\/wp\/v2\/media?parent=7175"}],"curies":[{"name":"wp","href":"https:\/\/api.w.org\/{rel}","templated":true}]}}