{"id":9751,"date":"2023-12-04T13:42:35","date_gmt":"2023-12-04T13:42:35","guid":{"rendered":"https:\/\/platinplay.com\/?page_id=9751"},"modified":"2023-12-05T11:19:59","modified_gmt":"2023-12-05T11:19:59","slug":"live","status":"publish","type":"page","link":"https:\/\/www.platinplay.com\/de\/casinos\/live","title":{"rendered":"Live Casinos Test &#8211; online Live Casino Spiele Deutschland (2023)\u00a0\u00a0"},"content":{"rendered":"\n<h2 id=\"online-live-casinos-deutschland\">Online Live Casinos Deutschland<\/h2>\n\n\n\n<p>2021 trat der Gl\u00fccksspielstaatsvertrag in Deutschland in Kraft. Der Vertrag musste her, um einheitliche Vorgaben zur Durchf\u00fchrung von Gl\u00fccksspielen hierzulande zu schaffen. Gem\u00e4\u00df dem Vertrag d\u00fcrfen <a href=\"https:\/\/www.platinplay.com\/de\/casinos\">Online Casinos<\/a> f\u00fcr ihre Kunden ein Einzahlungslimit in H\u00f6he von 1.000 Euro je Monat festlegen. Dar\u00fcber hinaus sind die Betreiber seit 2021 dazu verpflichtet, Safe-Server einzurichten und sicherzustellen, dass Kunden maximal einen Euro pro Spin bei einem Slot riskieren k\u00f6nnen. Ohnehin sind seit der Einf\u00fchrung des Gl\u00fccksspielstaatsvertrages nur noch Automatenspiele zugelassen. Das bedeutet, dass Spieler auf viele Klassiker wie Poker, Blackjack und Roulette aktuell verzichten m\u00fcssen. Auch Online Live Casinos in Deutschland sind derzeit nicht mehr verf\u00fcgbar.<\/p>\n\n\n\n<p>Warum der Gl\u00fccksspielstaatsvertrag eingef\u00fchrt wurde, l\u00e4sst sich ganz einfach beantworten: Der Spielerschutz sollte gest\u00e4rkt werden. Zudem sollten Alternativen zu illegalen Angeboten geschaffen werden, um sicherzustellen, dass legale Gl\u00fccksspiele ordnungsgem\u00e4\u00df durchgef\u00fchrt werden. Dar\u00fcber hinaus wird nun aktiver gegen die Entstehung von Spielsucht gek\u00e4mpft, wie unser Live Casino Test ergab.<\/p>\n\n\n\n<h2 id=\"die-besten-live-casino-spiele-online-live-dealer\">Die besten Live Casino Spiele\u2013 Online Live Dealer<\/h2>\n\n\n\n<h3>Roulette<\/h3>\n\n\n\n<p>Im Live Roulette erleben Spieler die Spannung eines echten Casinos von zu Hause aus. Der Dealer leitet das Spiel, w\u00e4hrend die Teilnehmer ihre Eins\u00e4tze platzieren. Die Interaktion ist entscheidend, da Spieler per Kamera und Mikro mit dem Croupier kommunizieren k\u00f6nnen. Die Aufgabe des Dealers ist es, das Spiel zu starten, in dem dieser die Kugel in den Kessel wirft und mitteilt, wann kurz vor dem Stopp der Kugel keine Eins\u00e4tze mehr get\u00e4tigt werden d\u00fcrfen. Auch verk\u00fcndet der Dealer die Gewinnzahl.<\/p>\n\n\n\n<h3>Blackjack<\/h3>\n\n\n\n<p>Auch Live Poker Spiele kommen bei Casino Kunden sehr gut an und bringen beste Pokerstimmung direkt ins Wohnzimmer. Der Dealer leitet das Spiel und kommuniziert mit den Teilnehmern. W\u00e4hrend die Spieler ihre Karten ausw\u00e4hlen und ihre Strategien planen, k\u00f6nnen diese auch mit dem Croupier und anderen Spielern am Tisch interagieren. Um ein echtes Casino Feeling zu schaffen, darf der Dealer Informationen \u00fcber den Spielverlauf und das Blatt kommunizieren. Live Poker bietet eine faszinierende Mischung aus Strategie, Psychologie und menschlicher Interaktion.<\/p>\n\n\n\n<h3>Poker<\/h3>\n\n\n\n<p>Auch Live Poker Spiele kommen bei Casino Kunden sehr gut an und bringen beste Pokerstimmung direkt ins Wohnzimmer. Der Dealer leitet das Spiel und kommuniziert mit den Teilnehmern. W\u00e4hrend die Spieler ihre Karten ausw\u00e4hlen und ihre Strategien planen, k\u00f6nnen diese auch mit dem Croupier und anderen Spielern am Tisch interagieren. Um ein echtes Casino Feeling zu schaffen, darf der Dealer Informationen \u00fcber den Spielverlauf und das Blatt kommunizieren. Live Poker bietet eine faszinierende Mischung aus Strategie, Psychologie und menschlicher Interaktion.<\/p>\n\n\n\n<h3>Sic Bo<\/h3>\n\n\n\n<p>Sic Bo ist ein W\u00fcrfelspiel, das sich zwar nicht so gro\u00dfer Beliebtheit wie Blackjack oder Poker erfreut, daf\u00fcr aber viel Abwechslung und eine entspannte Atmosph\u00e4re bietet. Spieler platzieren ihre Wetten und der Dealer w\u00fcrfelt die drei W\u00fcrfel in einer versiegelten Box. Da die Spieler in Live Sic Bo Runden meist nur \u00fcber einen Chat miteinander kommunizieren k\u00f6nnen, ist die Interaktion wenig dynamisch. Der Fokus liegt eindeutig auf dem W\u00fcrfelergebnis und den Gewinnkombis.<\/p>\n\n\n\n<h3>Game Shows<\/h3>\n\n\n\n<p>Live Game Shows sind eine innovative Erg\u00e4nzung zu den klassischen Casino Angeboten. In den Shows mischen sich traditionelle Casino Spiele mit dem Unterhaltungsfaktor von Spielshows. Ein gut gelaunter Host f\u00fchrt in Echtzeit durch das Spiel, w\u00e4hrend der Dealer die Karten oder das Rad managt. Spieler k\u00f6nnen sich nicht nur aktiv an Spielrunden beteiligen, sondern auch \u00fcber den Chat mit dem Gastgeber und anderen Teilnehmern kommunizieren und auch schon einmal den einen oder anderen Scherz machen. Die Stimmung ist meist sehr gut.<\/p>\n\n\n\n<h2 id=\"live-casino-gratis-spiele\">Live Casino gratis Spiele&nbsp;&nbsp;&nbsp;<\/h2>\n\n\n\n<p>Casino Live Spiele bieten eine einzigartige Gl\u00fccksspielerfahrung. Die Games werden von echten Casino Dealern in Echtzeit pr\u00e4sentiert. Weil die Spiele live \u00fcbertragen werden, ist es technisch nicht m\u00f6glich, Live Casino gratis Spiele anzubieten. Dies war auch noch nie der Fall. Anders als bei digitalen Slots, die per Zufallszahlengeneratoren gesteuert werden, erfordern Live Spiele echte menschliche Pr\u00e4senz und Interaktion.<\/p>\n\n\n\n<p>Im Gegensatz zu Live Games k\u00f6nnen <a href=\"https:\/\/www.platinplay.com\/de\/spielautomaten\"><strong>die besten Spielautomaten<\/strong><\/a> in der Regel kostenlos in Demo Versionen getestet werden. Allerdings ist f\u00fcr den Zugang zu diesen risikolosen Versionen immer eine Registrierung erforderlich. Das hei\u00dft, Spieler m\u00fcssen sich als Neukunde im Casino anmelden. Dies geht jedoch ganz schnell und dauert nur ein paar Minuten. Nachdem die Registrierung reibungslos geklappt hat, steht Spielern das gesamte Casino Angebot zur Verf\u00fcgung. Sie haben somit immer die Wahl zwischen Demo- und Echtgeld-Spielen. Casino Automaten bieten generell eine breite Palette von Themen und Spielmechaniken, die Spieler im Testmodus in einer entspannten Umgebung erkunden k\u00f6nnen. F\u00fcr jeden Geschmack ist das passende Spiel dabei.<\/p>\n\n\n\n<p>Es ist wichtig zu wissen, dass Gewinne, die in kostenlosen Demos erzielt werden, nicht real sind. Die risikofreien Spielrunden dienen dazu, ein Game zu verstehen und Spa\u00df zu haben. Allerdings tragen die Spiele nicht zu echten Preisen bei.<\/p>\n\n\n<div class=\"row d-flex flex-wrap align-items-stretch mb-2 card-block\">\n      \n        <div id=\"bookie-table-1\" data-idx=\"1\" class=\"col-lg-4 col-md-6 col-12 card overflow-hidden\">\n            <img decoding=\"async\" loading=\"lazy\" class=\"card-img-top\" loading=\"lazy\" src=\"https:\/\/www.platinplay.com\/app\/uploads\/2023\/08\/bookofdeadicon-min.png\" alt=\"Book of Dead icon\">\n            <div class=\"card-body fs-14 p-3 rounded-4\" style=\"background-color: #81d742;\">\n                                                                                                    <a class=\"h5 mb-0 p-0 mb-0 p-0\" href=\"https:\/\/www.platinplay.com\/de\/spielautomaten\/book-of-dead\" target=\"_self\">Book of Dead<\/a>\n                            <\/div>\n        <\/div>\n          \n        <div id=\"bookie-table-2\" data-idx=\"2\" class=\"col-lg-4 col-md-6 col-12 card overflow-hidden\">\n            <img decoding=\"async\" loading=\"lazy\" class=\"card-img-top\" loading=\"lazy\" src=\"https:\/\/www.platinplay.com\/app\/uploads\/2023\/09\/gonzos-quest-slot-logo-1-min-Copy-1.jpg\" alt=\"Gonzo's quest slot logo\">\n            <div class=\"card-body fs-14 p-3 rounded-4\" style=\"background-color: #81d742;\">\n                                                                                                    <a class=\"h5 mb-0 p-0 mb-0 p-0\" href=\"https:\/\/www.platinplay.com\/de\/spielautomaten\/gonzos-quest\" target=\"_self\">Gonzo\u2019s Quest<\/a>\n                            <\/div>\n        <\/div>\n          \n        <div id=\"bookie-table-3\" data-idx=\"3\" class=\"col-lg-4 col-md-6 col-12 card overflow-hidden\">\n            <img decoding=\"async\" loading=\"lazy\" class=\"card-img-top\" loading=\"lazy\" src=\"https:\/\/www.platinplay.com\/app\/uploads\/2023\/08\/jammin-jars-logo-1-min.png\" alt=\"jammin jars logo\">\n            <div class=\"card-body fs-14 p-3 rounded-4\" style=\"background-color: #81d742;\">\n                                                                                                    <a class=\"h5 mb-0 p-0 mb-0 p-0\" href=\"https:\/\/www.platinplay.com\/de\/spielautomaten\/jammin-jars\" target=\"_self\">Jammin\u2019 Jars<\/a>\n                            <\/div>\n        <\/div>\n        <\/div>\n\n\n\n<h2 id=\"online-live-casino-betrugstest\">Online Live Casino Betrugstest<\/h2>\n\n\n\n<p>Wir f\u00fchren keine Live Casinos Betrugstests durch, da wir ausschlie\u00dflich regulierte Online Casinos bewerten und Live Spiele in Deutschland derzeit nicht zugelassen sind. Unsere Priorit\u00e4t ist dabei immer die Sicherheit. Seiten, die angeblich Live Casinos testen, sind oft betr\u00fcgerisch. Unser Fokus liegt darauf, transparente und vertrauensw\u00fcrdige Informationen bereitzustellen. Dadurch m\u00f6chten wir von Platinplay sicherstellen, dass Spieler gesch\u00fctzt sind. Wir glauben an die Wichtigkeit von lizenzierten Betreibern, um eine transparente und faire Spielerfahrung zu gew\u00e4hrleisten. Spieler k\u00f6nnen unseren Bewertungen vertrauen.<\/p>\n\n\n\n<h2 id=\"live-casino-spiele-anbieter\">Live Casino Spiele Anbieter&nbsp;&nbsp;<\/h2>\n\n\n<div class=\"row d-flex flex-wrap align-items-stretch mb-2 card-block\">\n      \n        <div id=\"bookie-table-1\" data-idx=\"1\" class=\"col-lg-4 col-md-6 col-12 card overflow-hidden\">\n            <img decoding=\"async\" loading=\"lazy\" class=\"card-img-top\" loading=\"lazy\" src=\"https:\/\/www.platinplay.com\/app\/uploads\/2023\/10\/microgaming-465-x-250.jpg\" alt=\"microgaming 465 x 250\">\n            <div class=\"card-body fs-14 p-3 rounded-4\" style=\"background-color: #F2F2F2;\">\n                                                <div class=\"card-title d-flex align-items-end\">\n                                        <h3 class=\"mb-0\">Microgaming<\/h3>\n                                    <\/div>\n                                                                <p class=\"card-text\">Microgaming z\u00e4hlt zu den gr\u00f6\u00dften Online Game Entwicklern der Welt. Die inzwischen \u00fcber 850 Spiele von Microgaming sind in zahlreichen europ\u00e4ischen Microgaming Casinos verf\u00fcgbar.<\/p>\n                                                    <a class=\"h5 mb-0 p-0 mb-0 p-0\" href=\"https:\/\/www.platinplay.com\/de\/casinos\/anbieter\/microgaming\" target=\"_self\">Casinos Microgaming<\/a>\n                            <\/div>\n        <\/div>\n          \n        <div id=\"bookie-table-2\" data-idx=\"2\" class=\"col-lg-4 col-md-6 col-12 card overflow-hidden\">\n            <img decoding=\"async\" loading=\"lazy\" class=\"card-img-top\" loading=\"lazy\" src=\"https:\/\/www.platinplay.com\/app\/uploads\/2023\/08\/netent.jpg\" alt=\"NetEnt logo\">\n            <div class=\"card-body fs-14 p-3 rounded-4\" style=\"background-color: #F2F2F2;\">\n                                                <div class=\"card-title d-flex align-items-end\">\n                                        <h3 class=\"mb-0\">NetEnt<\/h3>\n                                    <\/div>\n                                                                <p class=\"card-text\">NetEnt wurde 1996 in Stockholm gegr\u00fcndet. Seit der Gr\u00fcndung hat das Unternehmen mehr als 300 Slot Spiele ver\u00f6ffentlicht. Der Provider bietet erstklassige Gaming-L\u00f6sungen und verkauft diese.<\/p>\n                                                    <a class=\"h5 mb-0 p-0 mb-0 p-0\" href=\"https:\/\/www.platinplay.com\/de\/casinos\/anbieter\/netent\" target=\"_self\">NetEnt Casinos<\/a>\n                            <\/div>\n        <\/div>\n          \n        <div id=\"bookie-table-3\" data-idx=\"3\" class=\"col-lg-4 col-md-6 col-12 card overflow-hidden\">\n            <img decoding=\"async\" loading=\"lazy\" class=\"card-img-top\" loading=\"lazy\" src=\"https:\/\/www.platinplay.com\/app\/uploads\/2023\/08\/pragmaticplay.jpg\" alt=\"pragmatic play logo\">\n            <div class=\"card-body fs-14 p-3 rounded-4\" style=\"background-color: #F2F2F2;\">\n                                                <div class=\"card-title d-flex align-items-end\">\n                                        <h3 class=\"mb-0\">Pragmatic Play<\/h3>\n                                    <\/div>\n                                                                <p class=\"card-text\">Pragmatic Play Casinos bieten einige der beliebtesten Titel in allen Kategorien, einschlie\u00dflich Spielautomaten, Tischspiele und Live Casino Games. <\/p>\n                                                    <a class=\"h5 mb-0 p-0 mb-0 p-0\" href=\"https:\/\/www.platinplay.com\/de\/casinos\/anbieter\/pragmatic-play\" target=\"_self\">Casinos Pragmatic Play<\/a>\n                            <\/div>\n        <\/div>\n        <\/div>\n\n\n\n<p>Die bekanntesten Live Casino Anbieter sind Evolution und Ezugi. Es gibt aber auch andere Software Provider, die tolle Live-Angebote entwickeln. Zu diesen Firmen geh\u00f6ren unter anderem NetEnt (vormals Net Entertainment), Microgaming und Pragmatic Play.<\/p>\n\n\n\n<p><strong>Der Provider NetEnt <\/strong>aus Stockholm ist bekannt daf\u00fcr, Slots mit hohen RTP-Raten zu entwickeln. In diesem Kontext sind die Games Blood Suckers und Blood Suckers 2 zu nennen. Die besten Live Casino Spiele von NetEnt sind:<\/p>\n\n\n\n<p>1. Live Roulette<\/p>\n\n\n\n<p>2. Live Blackjack<\/p>\n\n\n\n<p>3. Live Auto Roulette<\/p>\n\n\n\n<p><strong>Microgaming<\/strong> ist bekannt f\u00fcr moderne Spielmechaniken und eine sehr hochwertige Spielhallen Software. Zu den erfolgreichsten Microgaming Titeln geh\u00f6ren Game off Thrones, Immortal Romance und Big Bad Wolf. Das Microgaming Live Casino hat folgende Erfolge zu bieten:<\/p>\n\n\n\n<p>1. Live Roulette<\/p>\n\n\n\n<p>2. Live Blackjack<\/p>\n\n\n\n<p>3. Live Baccarat<\/p>\n\n\n\n<p><strong>Pragmatic Play <\/strong>&#8211; bekannt f\u00fcr Slots mit den verschiedensten Features (wie zum Beispiel dem Sticky Bonus, Avalanche Features und sehr vielen Megaways Varianten), bietet die folgenden Live Casino Games:<\/p>\n\n\n\n<p>1. PowerUp Roulette<\/p>\n\n\n\n<p>2. Boom City<\/p>\n\n\n\n<p>3. Sweet Bonanza CandyLand<\/p>\n\n\n\n<h2 id=\"fazit-zum-thema-online-live-casinos\">Fazit zum Thema online Live-Casinos<\/h2>\n\n\n\n<p>Obwohl <a href=\"https:\/\/www.platinplay.com\/de\/casinos\">Online Casinos Deutschland<\/a> derzeit unreguliert sind, haben wir ausf\u00fchrliche Informationen zu Live Casinos in unserem gro\u00dfen Live Casino Test bereitgestellt. Dieser Text dient ausschlie\u00dflich informativen Zwecken und gibt weder Empfehlungen noch Ratschl\u00e4ge dazu, in unregulierten Casinos Live Games zu zocken. Zus\u00e4tzlich zu unserem Live Casinos Betrugstest betreiben Spieler am besten ihre eigene Recherche und stellen sicher, dass diese sich in einer sicheren und fairen Umgebung bewegen. Nur dann k\u00f6nnen Spieler ein unvergleichliches Spielerlebnis genie\u00dfen und haben die Chance auf tolle Gewinne, die auch wirklich ausgezahlt werden.<\/p>\n\n\n\n<p><\/p>\n","protected":false},"excerpt":{"rendered":"<p>Online Live Casinos Deutschland 2021 trat der Gl\u00fccksspielstaatsvertrag in Deutschland in Kraft. Der Vertrag musste her, um einheitliche Vorgaben zur Durchf\u00fchrung von Gl\u00fccksspielen hierzulande zu schaffen. Gem\u00e4\u00df dem Vertrag d\u00fcrfen Online Casinos f\u00fcr ihre Kunden ein Einzahlungslimit in H\u00f6he von 1.000 Euro je Monat festlegen. Dar\u00fcber hinaus sind die Betreiber seit 2021 dazu verpflichtet, Safe-Server &hellip; <a href=\"https:\/\/www.platinplay.com\/de\/casinos\/live\">Continued<\/a><\/p>\n","protected":false},"author":2,"featured_media":9910,"parent":3950,"menu_order":0,"comment_status":"closed","ping_status":"closed","template":"","meta":[],"acf":[],"yoast_head":"<!-- This site is optimized with the Yoast SEO plugin v20.13 - https:\/\/yoast.com\/wordpress\/plugins\/seo\/ -->\n<title>Online Live Casinos kostenlos oder mit Echtgeld spielen 2026<\/title>\n<meta name=\"description\" content=\"Online LIVE CASINO Spiele - Stand in Deutschland \/ Die beliebtesten online Live Casino Spiele 2023 \ud83d\udcb8 Alternativen in Deutschland \ud83c\udfb0\" \/>\n<meta name=\"robots\" content=\"index, follow, max-snippet:-1, max-image-preview:large, max-video-preview:-1\" \/>\n<link rel=\"canonical\" href=\"https:\/\/www.platinplay.com\/de\/casinos\/live\" \/>\n<meta property=\"og:locale\" content=\"de_DE\" \/>\n<meta property=\"og:type\" content=\"article\" \/>\n<meta property=\"og:title\" content=\"Online Live Casinos kostenlos oder mit Echtgeld spielen 2026\" \/>\n<meta property=\"og:description\" content=\"Online LIVE CASINO Spiele - Stand in Deutschland \/ Die beliebtesten online Live Casino Spiele 2023 \ud83d\udcb8 Alternativen in Deutschland \ud83c\udfb0\" \/>\n<meta property=\"og:url\" content=\"https:\/\/www.platinplay.com\/de\/casinos\/live\" \/>\n<meta property=\"og:site_name\" content=\"platinplay.com\" \/>\n<meta property=\"article:modified_time\" content=\"2023-12-05T11:19:59+00:00\" \/>\n<meta property=\"og:image\" content=\"https:\/\/www.platinplay.com\/app\/uploads\/2023\/12\/LiveCasinos-final.jpg\" \/>\n\t<meta property=\"og:image:width\" content=\"465\" \/>\n\t<meta property=\"og:image:height\" content=\"250\" \/>\n\t<meta property=\"og:image:type\" content=\"image\/jpeg\" \/>\n<meta name=\"twitter:card\" content=\"summary_large_image\" \/>\n<script type=\"application\/ld+json\" class=\"yoast-schema-graph\">{\"@context\":\"https:\/\/schema.org\",\"@graph\":[{\"@type\":\"WebPage\",\"@id\":\"https:\/\/www.platinplay.com\/de\/casinos\/live\",\"url\":\"https:\/\/www.platinplay.com\/de\/casinos\/live\",\"name\":\"Online Live Casinos kostenlos oder mit Echtgeld spielen 2026\",\"isPartOf\":{\"@id\":\"https:\/\/www.platinplay.com\/#website\"},\"datePublished\":\"2023-12-04T13:42:35+00:00\",\"dateModified\":\"2023-12-05T11:19:59+00:00\",\"description\":\"Online LIVE CASINO Spiele - Stand in Deutschland \/ Die beliebtesten online Live Casino Spiele 2023 \ud83d\udcb8 Alternativen in Deutschland \ud83c\udfb0\",\"breadcrumb\":{\"@id\":\"https:\/\/www.platinplay.com\/de\/casinos\/live#breadcrumb\"},\"inLanguage\":\"de-DE\",\"potentialAction\":[{\"@type\":\"ReadAction\",\"target\":[\"https:\/\/www.platinplay.com\/de\/casinos\/live\"]}]},{\"@type\":\"BreadcrumbList\",\"@id\":\"https:\/\/www.platinplay.com\/de\/casinos\/live#breadcrumb\",\"itemListElement\":[{\"@type\":\"ListItem\",\"position\":1,\"name\":\"Home\",\"item\":\"https:\/\/www.platinplay.com\/de\/beste-gluecksspielseiten-und-casinos-deutschlands-getyear\"},{\"@type\":\"ListItem\",\"position\":2,\"name\":\"Online Casinos Deutschland \u2013 die besten online Spielotheken 2024\u00a0\",\"item\":\"https:\/\/www.platinplay.com\/de\/casinos\"},{\"@type\":\"ListItem\",\"position\":3,\"name\":\"Live Casinos Test &#8211; online Live Casino Spiele Deutschland (2023)\u00a0\u00a0\"}]},{\"@type\":\"WebSite\",\"@id\":\"https:\/\/www.platinplay.com\/#website\",\"url\":\"https:\/\/www.platinplay.com\/\",\"name\":\"platinplay.com\",\"description\":\"Affiliate marketing\",\"potentialAction\":[{\"@type\":\"SearchAction\",\"target\":{\"@type\":\"EntryPoint\",\"urlTemplate\":\"https:\/\/www.platinplay.com\/?s={search_term_string}\"},\"query-input\":\"required name=search_term_string\"}],\"inLanguage\":\"de-DE\"}]}<\/script>\n<!-- \/ Yoast SEO plugin. -->","yoast_head_json":{"title":"Online Live Casinos kostenlos oder mit Echtgeld spielen 2026","description":"Online LIVE CASINO Spiele - Stand in Deutschland \/ Die beliebtesten online Live Casino Spiele 2023 \ud83d\udcb8 Alternativen in Deutschland \ud83c\udfb0","robots":{"index":"index","follow":"follow","max-snippet":"max-snippet:-1","max-image-preview":"max-image-preview:large","max-video-preview":"max-video-preview:-1"},"canonical":"https:\/\/www.platinplay.com\/de\/casinos\/live","og_locale":"de_DE","og_type":"article","og_title":"Online Live Casinos kostenlos oder mit Echtgeld spielen 2026","og_description":"Online LIVE CASINO Spiele - Stand in Deutschland \/ Die beliebtesten online Live Casino Spiele 2023 \ud83d\udcb8 Alternativen in Deutschland \ud83c\udfb0","og_url":"https:\/\/www.platinplay.com\/de\/casinos\/live","og_site_name":"platinplay.com","article_modified_time":"2023-12-05T11:19:59+00:00","og_image":[{"width":465,"height":250,"url":"https:\/\/www.platinplay.com\/app\/uploads\/2023\/12\/LiveCasinos-final.jpg","type":"image\/jpeg"}],"twitter_card":"summary_large_image","schema":{"@context":"https:\/\/schema.org","@graph":[{"@type":"WebPage","@id":"https:\/\/www.platinplay.com\/de\/casinos\/live","url":"https:\/\/www.platinplay.com\/de\/casinos\/live","name":"Online Live Casinos kostenlos oder mit Echtgeld spielen 2026","isPartOf":{"@id":"https:\/\/www.platinplay.com\/#website"},"datePublished":"2023-12-04T13:42:35+00:00","dateModified":"2023-12-05T11:19:59+00:00","description":"Online LIVE CASINO Spiele - Stand in Deutschland \/ Die beliebtesten online Live Casino Spiele 2023 \ud83d\udcb8 Alternativen in Deutschland \ud83c\udfb0","breadcrumb":{"@id":"https:\/\/www.platinplay.com\/de\/casinos\/live#breadcrumb"},"inLanguage":"de-DE","potentialAction":[{"@type":"ReadAction","target":["https:\/\/www.platinplay.com\/de\/casinos\/live"]}]},{"@type":"BreadcrumbList","@id":"https:\/\/www.platinplay.com\/de\/casinos\/live#breadcrumb","itemListElement":[{"@type":"ListItem","position":1,"name":"Home","item":"https:\/\/www.platinplay.com\/de\/beste-gluecksspielseiten-und-casinos-deutschlands-getyear"},{"@type":"ListItem","position":2,"name":"Online Casinos Deutschland \u2013 die besten online Spielotheken 2024\u00a0","item":"https:\/\/www.platinplay.com\/de\/casinos"},{"@type":"ListItem","position":3,"name":"Live Casinos Test &#8211; online Live Casino Spiele Deutschland (2023)\u00a0\u00a0"}]},{"@type":"WebSite","@id":"https:\/\/www.platinplay.com\/#website","url":"https:\/\/www.platinplay.com\/","name":"platinplay.com","description":"Affiliate marketing","potentialAction":[{"@type":"SearchAction","target":{"@type":"EntryPoint","urlTemplate":"https:\/\/www.platinplay.com\/?s={search_term_string}"},"query-input":"required name=search_term_string"}],"inLanguage":"de-DE"}]}},"_links":{"self":[{"href":"https:\/\/www.platinplay.com\/de\/wp-json\/wp\/v2\/pages\/9751"}],"collection":[{"href":"https:\/\/www.platinplay.com\/de\/wp-json\/wp\/v2\/pages"}],"about":[{"href":"https:\/\/www.platinplay.com\/de\/wp-json\/wp\/v2\/types\/page"}],"author":[{"embeddable":true,"href":"https:\/\/www.platinplay.com\/de\/wp-json\/wp\/v2\/users\/2"}],"replies":[{"embeddable":true,"href":"https:\/\/www.platinplay.com\/de\/wp-json\/wp\/v2\/comments?post=9751"}],"version-history":[{"count":5,"href":"https:\/\/www.platinplay.com\/de\/wp-json\/wp\/v2\/pages\/9751\/revisions"}],"predecessor-version":[{"id":9913,"href":"https:\/\/www.platinplay.com\/de\/wp-json\/wp\/v2\/pages\/9751\/revisions\/9913"}],"up":[{"embeddable":true,"href":"https:\/\/www.platinplay.com\/de\/wp-json\/wp\/v2\/pages\/3950"}],"wp:featuredmedia":[{"embeddable":true,"href":"https:\/\/www.platinplay.com\/de\/wp-json\/wp\/v2\/media\/9910"}],"wp:attachment":[{"href":"https:\/\/www.platinplay.com\/de\/wp-json\/wp\/v2\/media?parent=9751"}],"curies":[{"name":"wp","href":"https:\/\/api.w.org\/{rel}","templated":true}]}}